
{"id":13232,"date":"2021-06-29T14:25:12","date_gmt":"2021-06-29T14:25:12","guid":{"rendered":"https:\/\/gabimiguel.pt\/rentals\/?page_id=13232"},"modified":"2021-06-29T14:42:17","modified_gmt":"2021-06-29T14:42:17","slug":"ueber-uns","status":"publish","type":"page","link":"https:\/\/gabimiguel.pt\/rentals\/de\/ueber-uns\/","title":{"rendered":"\u00dcber uns"},"content":{"rendered":"<h2>Hausverwaltung mit Gabi Miguel LDA LDA<\/h2>\n<p>\u2026 Es wird sich um Ihr Eigentum gek\u00fcmmert, wenn Sie nicht da sind.<\/p>\n<p>Mit 30 Jahren Erfahrung und Pr\u00e4senz in Vale de Parra, Albufeira, haben wir uns verpflichtet, unseren G\u00e4sten, die einen Platz unter der Sonne der Algarve suchen, die bestverf\u00fcgbaren Urlaubsl\u00f6sungen anzubieten.<\/p>\n<p>Unser Managementkern besteht aus portugiesischen und deutschen Partnern mit \u00fcber 50 Jahren gesammelter Erfahrung.<\/p>\n<p>Unser Serviceteam ist international und trifft und begr\u00fc\u00dft Sie in verschiedenen Sprachen wie portugiesisch, deutsch, englisch, franz\u00f6sisch und spanisch.<\/p>\n<p>Wir bieten Unterk\u00fcnfte zur Selbstverpflegung und keine Einrichtungen oder Dienstleistungen im Hotelstil. Der Stil und der Standard unserer Immobilien unterscheiden sich zwangsl\u00e4ufig von Resorts und anderen Reisezielen. Es handelt sich um individuelle Immobilien, die nach dem Geschmack der jeweiligen Eigent\u00fcmer eingerichtet , m\u00f6biliert und speziell gebaut wurden, bis hin zu zweckerbauten Ferienh\u00e4usern.<\/p>\n<p>Unsere Hauptt\u00e4tigkeit ist die Hausverwaltung, sprich die Vermietung von Villen sowie die Pflege von Immobilien und Gartenanlagen.<\/p>\n<p>Unser Immobilienverwaltungsservice ist in ganz West-Albufeira verf\u00fcgbar (in Gebieten wie Vale de Parra, Gal\u00e9, P\u00eara, Alcantarilha, Guia, S\u00e3o Rafael und Albufeira) und umfasst die folgenden Aktivit\u00e4ten:<\/p>\n<p>\u2022 \u00dcberwachung und Bezahlung von Immobilienrechnungen (Strom, Wasser, Telefon, Tarife usw.), um sicherzustellen, dass alle Rechnungen p\u00fcnktlich bezahlt werden und die Dienstleistungen ungest\u00f6rt erhalten werden<\/p>\n<p>\u2022 Organisation der Zahlung der Reinigungs- und W\u00e4schekosten im Namen des Eigent\u00fcmers<\/p>\n<p>\u2022 Regelm\u00e4ssiges Aufsuchen der Villa wenn sie nicht bewohnt ist, zum l\u00fcften und sauberhalten<\/p>\n<p>\u2022 Kontaktaufnahme mit der Eigentumswohnungsgesellschaft (falls zutreffend) im Namen des Eigent\u00fcmers<\/p>\n<p>\u2022 (f\u00fcr Neubauten) Kontaktaufnahme mit dem Konstrukteur in Bezug auf Wartungs- und Reparaturarbeiten<\/p>\n<p>\u2022 Organisation und \u00dcberwachung von routinem\u00e4\u00dfigen Wartungs- und Reparaturarbeiten<\/p>\n<p>\u2022 Beratung bei Reparaturarbeiten<\/p>\n<p>\u2022 Organisation der Gartenpflege (falls zutreffend)<\/p>\n<p>\u2022 regelm\u00e4\u00dfige Reinigung des Schwimmbades (falls zutreffend)<\/p>\n<p>\u2022 Vorbereitung des Hauses auf die Ankunft der Kunden und oder Besitzer<\/p>\n<p>\u2022 Immobilieninspektionen<\/p>\n<p>\u2022 Immobilienwerbung und Werbemassnahmen<\/p>\n<p>\u2022 Ferienvermietung<\/p>\n","protected":false},"excerpt":{"rendered":"<p>Hausverwaltung mit Gabi Miguel LDA LDA \u2026 Es wird sich um Ihr Eigentum gek\u00fcmmert, wenn Sie nicht da sind. Mit 30 Jahren Erfahrung und Pr\u00e4senz in Vale de Parra, Albufeira, haben wir uns verpflichtet, unseren G\u00e4sten, die einen Platz unter der Sonne der Algarve suchen, die bestverf\u00fcgbaren Urlaubsl\u00f6sungen anzubieten. Unser Managementkern besteht aus portugiesischen und &hellip; <a href=\"https:\/\/gabimiguel.pt\/rentals\/de\/ueber-uns\/\" class=\"more-link\">Weiterlesen <span class=\"screen-reader-text\"> &#8222;\u00dcber uns&#8220;<\/span><\/a><\/p>\n","protected":false},"author":1,"featured_media":0,"parent":0,"menu_order":0,"comment_status":"closed","ping_status":"closed","template":"template-full-width-page.php","meta":{"om_disable_all_campaigns":false,"_monsterinsights_skip_tracking":false,"_monsterinsights_sitenote_active":false,"_monsterinsights_sitenote_note":"","_monsterinsights_sitenote_category":0,"_uf_show_specific_survey":0,"_uf_disable_surveys":false,"footnotes":""},"class_list":["post-13232","page","type-page","status-publish","hentry"],"aioseo_notices":[],"_links":{"self":[{"href":"https:\/\/gabimiguel.pt\/rentals\/de\/wp-json\/wp\/v2\/pages\/13232","targetHints":{"allow":["GET"]}}],"collection":[{"href":"https:\/\/gabimiguel.pt\/rentals\/de\/wp-json\/wp\/v2\/pages"}],"about":[{"href":"https:\/\/gabimiguel.pt\/rentals\/de\/wp-json\/wp\/v2\/types\/page"}],"author":[{"embeddable":true,"href":"https:\/\/gabimiguel.pt\/rentals\/de\/wp-json\/wp\/v2\/users\/1"}],"replies":[{"embeddable":true,"href":"https:\/\/gabimiguel.pt\/rentals\/de\/wp-json\/wp\/v2\/comments?post=13232"}],"version-history":[{"count":0,"href":"https:\/\/gabimiguel.pt\/rentals\/de\/wp-json\/wp\/v2\/pages\/13232\/revisions"}],"wp:attachment":[{"href":"https:\/\/gabimiguel.pt\/rentals\/de\/wp-json\/wp\/v2\/media?parent=13232"}],"curies":[{"name":"wp","href":"https:\/\/api.w.org\/{rel}","templated":true}]}}