
{"id":13250,"date":"2021-06-30T08:57:30","date_gmt":"2021-06-30T08:57:30","guid":{"rendered":"https:\/\/gabimiguel.pt\/rentals\/?page_id=13250"},"modified":"2021-06-30T08:57:30","modified_gmt":"2021-06-30T08:57:30","slug":"gesundheit-sicherheitsvorschriften","status":"publish","type":"page","link":"https:\/\/gabimiguel.pt\/rentals\/de\/about-us\/gesundheit-sicherheitsvorschriften\/","title":{"rendered":"Gesundheit &#038; Sicherheitsvorschriften"},"content":{"rendered":"<h2>Wichtige Informationen zur Villa<\/h2>\n<p>Bitte nehmen Sie sich bei Ihrer Ankunft Zeit, um sich mit den Sicherheitsmerkmalen und dem Layout der Ferienunterkunft vertraut zu machen. Insbesondere wenn Sie mit Kindern reisen, nehmen Sie sich bitte die Zeit, um sie auf Bereiche hinzuweisen, in denen sie besonders vorsichtig sein sollten, wie z. B. den Pool oder die Balkone. Wenn Sie diesbez\u00fcglich Fragen oder Bedenken haben, hilft Ihnen Ihr\/e Vertreter\/in von Gabi Miguel Lda gerne weiter. Wenn Sie Bedenken haben, rufen Sie sie bitte unter der Nummer an, die in Ihren Reisedokumenten und im Handbuch der Villa angegeben ist.<\/p>\n<h2>Villa und Sicherheit<\/h2>\n<p>Wir behaupten nicht, dass eine Villa absolut kinderfreundlich oder sicher ist. Daher sollten Eltern und Familie stets aufpassen, insbesondere im Poolbereich, wo Kinder jederzeit beaufsichtigt werden sollten. Einige Villen eignen sich besser als andere f\u00fcr weniger mobile Personen oder f\u00fcr Familien mit kleinen Kindern. Wir empfehlen Ihnen daher, sich vor der Buchung \u00fcber die Eignung der Unterkunft zu erkundigen. Trotz unserer Bem\u00fchungen und Ratschl\u00e4ge liegt es letztendlich in Ihrer Verantwortung f\u00fcr die Pflege und Sicherheit der Mitglieder Ihrer Gruppe zu sorgen.<\/p>\n<p>Viele Terrassenw\u00e4nde sind 90 cm bis 1 m hoch, w\u00e4hrend andere k\u00fcrzer sein k\u00f6nnen. Es kann auch Dachterrassen mit niedrigen W\u00e4nden geben, auf denen wir in den meisten F\u00e4llen sicherstellen, dass diese geschlossen oder abgesperrt sind. Abh\u00e4ngig vom Layout und Design der Immobilie ist dies jedoch m\u00f6glicherweise nicht immer m\u00f6glich.<\/p>\n<p>Viele einst\u00f6ckige Villen haben mehrere Stufen und die G\u00e4rten k\u00f6nnen Gef\u00e4lle oder H\u00e4nge haben. Einige Villen verf\u00fcgen \u00fcber Treppen, die steil sein k\u00f6nnen und gelegentlich niedrige Kopfh\u00f6hen haben.<\/p>\n<p>Die Bodenoberfl\u00e4che innerhalb und au\u00dferhalb Ihrer Ferienunterkunft kann nass sein, da das Reinigungspersonal sie bei Ankunft, Abreise und an jedem anderen Tag, an dem der Reinigungsservice durchgef\u00fchrt wird, s\u00e4ubert. Achten Sie stets auf den Bodenzustand und ergreifen Sie die erforderlichen Ma\u00dfnahmen, um Ihre Sicherheit und insbesondere die von Kindern und \u00e4lteren Menschen zu gew\u00e4hrleisten. Zu anderen Zeiten k\u00f6nnen Bodenbereiche, die der Itterung ausgesetzt sind oder mit Wasser vom Schwimmbad \u00fcbergossen werden, nass sein, und es ist stets Vorsicht geboten.<\/p>\n<p>Im Brandfall sollten Sie die Ferienunterkunft sofort r\u00e4umen, um sicherzustellen, dass alle Mitglieder Ihrer Gruppe evakuiert wurden und in Sicherheit sind. Rufen Sie nach der Ausz\u00e4hlung der Mitglieder Ihrer Partei den Rettungsdienst und Ihren Vertreter von Gabi Miguel Lda an.<\/p>\n<p>Wenn Sie Bedenken hinsichtlich der Sicherheit Ihrer Unterkunft haben, wenden Sie sich bitte umgehend an Ihren Vertreter von Gabi Miguel Lda. Alle ernstzunehmenden Probleme, auf die wir aufmerksam gemacht werden, werden so schnell wie m\u00f6glich vor Ort behoben.<\/p>\n<p>Sollten Sie irgendwo in oder um die Villa einen Unfall haben, m\u00fcssen Sie dies sofort Ihrem Vertreter von Gabi Miguel Lda melden.<\/p>\n<h2>Schwimmbecken<\/h2>\n<p>Die Poolgr\u00f6\u00dfen in unseren Beschreibungen sind ungef\u00e4hre Angaben und dienen nur zur Orientierung. Einige Pools haben eine unregelm\u00e4\u00dfige Form und wurden an den l\u00e4ngsten und breitesten Stellen gemessen. Die Pools werden regelm\u00e4\u00dfig gewartet und gereinigt. Ein Poolnetz wird mitgeliefert, und es ist \u00fcblich, dass Kunden Schmutz wie Bl\u00e4tter und Zweige entfernen.<\/p>\n<p>Gelegentlich kann Wasser in den Ohren aufgrund der umfangreichen Nutzung des Pools eine Ohrenentz\u00fcndung verursachen, insbesondere bei Kindern. Dies bedeutet nicht unbedingt, dass der Pool nicht den richtigen Chlorgehalt hat, sollte jedoch sofort \u00fcberpr\u00fcft werden. Eine einfache Vorsichtsma\u00dfnahme besteht darin, Ihre Ohren nach dem Verlassen des Pools gut zu trocknen, um sicherzustellen, dass Sie eventuelle Wasserreste, die das Ohr infizieren k\u00f6nnten, entfernen.<br \/>\nWenn Sie Bedenken bez\u00fcglich Ihres Pools haben, wenden Sie sich sofort an Ihren Vertreter von Gabi Miguel Lda.<\/p>\n<p>Einige Pools verf\u00fcgen jetzt \u00fcber Salzwasserfiltersysteme im Gegensatz zu Chlorbehandlungen.<\/p>\n<p>Bitte stellen Sie sicher, dass die von Ihnen gebuchte Urlaubsunterkunft Ihren Anforderungen an Kinder und Nichtschwimmer entspricht.<\/p>\n<p>Das Schwimmbad ist f\u00fcr viele Menschen ein wesentlicher Bestandteil des Urlaubs. Beachten Sie jedoch, dass es bei Missbrauch gef\u00e4hrlich sein kann. Wenn Sie jedoch nur ein paar einfache Regeln des gesunden Menschenverstandes anwenden, k\u00f6nnen Sie sicher sein, Ihre Zeit im Pool sicher zu genie\u00dfen:<\/p>\n<p>\u2022 Bitte beachten Sie unsere strengen Richtlinien zum Nichtspringen in allen Schwimmb\u00e4dern.<\/p>\n<p>\u2022 Laufen Sie nicht schnell am Pool herum, dies gilt insbesondere f\u00fcr Kinder mit nassen F\u00fc\u00dfen. Einige Bereiche k\u00f6nnen bei N\u00e4sse rutschig sein.<\/p>\n<p>\u2022 Verlassen Sie nicht Ihre Tiefe und kennen Sie Ihre eigenen Grenzen.<\/p>\n<p>\u2022 Schwimmen Sie nicht, wenn Sie den Boden des Pools nicht sehen k\u00f6nnen. In diesem Fall wenden Sie sich so schnell wie m\u00f6glich an Ihren Vertreter von Gabi Miguel Lda. Schlechtes Wetter oder Gewitter k\u00f6nnen dazu f\u00fchren, dass Pools tr\u00fcb werden. Tr\u00fcbungen k\u00f6nnen auch durch \u00fcbersch\u00fcssiges Sonnen\u00f6l verursacht werden, insbesondere wenn nicht wasserdichte Arten verwendet werden. Bitte denken Sie daran, dass die Verwendung der Dusche am Pool vor dem Schwimmen dazu beitragen kann, den Pool sauber zu halten.<\/p>\n<p>\u2022 Kinder und hellh\u00e4utige Personen sollten im Pool einen Hut und ein T-Shirt tragen, da sch\u00e4dliche ultraviolette Strahlen bis zu einer Tiefe von 1,5 m in das Wasser eindringen k\u00f6nnen und von der Wasseroberfl\u00e4che reflektiert werden.<\/p>\n<p>\u2022 Achten Sie auf gef\u00e4hrliche Oberfl\u00e4chen, Entw\u00e4sserungsrinnen, rutschige Fliesen oder erh\u00f6hte Kanten.<\/p>\n<p>\u2022 Beaufsichtigen Sie immer Kinder und Nichtschwimmer im und um den Poolbereich.<\/p>\n<p>\u2022 Vermeiden Sie das Schwimmen, wenn Sie Alkohol getrunken haben, besonders sp\u00e4t in der Nacht. Schwimmen Sie nicht innerhalb 1 Stunde nach dem Essen &#8211; es kann t\u00f6dlich sein.<\/p>\n<h2>Unfall oder Schlie\u00dfung des Schwimmbades<\/h2>\n<p>Im Falle eines Unfalls in oder in der unmittelbaren Umgebung des Pools m\u00fcssen Sie dies unverz\u00fcglich Ihrem Vertreter von Gabi Miguel Lda melden. Jeder Fehler am Pool oder seiner Ausr\u00fcstung wird \u00fcberpr\u00fcft und es werden sofort Ma\u00dfnahmen ergriffen, um das Problem zu beheben. Wenn nach Ansicht des Vertreters der Pool zu Ihrer Sicherheit geschlossen sein muss, bis eine Reparatur erleichtert wird, werden Sie schriftlich angewiesen, die Nutzung des Pools einzustellen.<\/p>\n<h2>Sicherheitsz\u00e4une f\u00fcr Schwimmb\u00e4der (permanent)<\/h2>\n<p>Einige unserer Unterk\u00fcnfte verf\u00fcgen \u00fcber einen Poolzaun (wo in der Beschreibung angegeben).<br \/>\nEin Poolzaun ist kein Ersatz f\u00fcr die elterliche Aufsicht und Eltern sollten Kinder im Poolbereich jederzeit beaufsichtigen. Bitte denken Sie daran, dass es f\u00fcr ein unbeaufsichtigtes Kind m\u00f6glich sein kann, die Z\u00e4une aus den Bodenst\u00fctzen zu heben, einen Poolzaun zu schieben oder dar\u00fcber zu ziehen oder L\u00fccken auseinander zu ziehen. Die Poolz\u00e4une wurden mit der alleinigen Absicht entworfen, hergestellt und installiert, um zu verhindern, dass Kleinkinder in einen ungesch\u00fctzten Poolbereich wandern. Bitte stellen Sie immer sicher, dass der Verriegelungsmechanismus am Pooltor funktioniert, und lassen Sie das Tor niemals offen.<\/p>\n<h2>Endlos- oder \u00dcberlaufpool<\/h2>\n<p>Einige unserer Villen verf\u00fcgen \u00fcber einen Endlos oder einen \u00dcberlauf Pool, was bedeutet, dass eine Seite des Pools ein Wasserfall ohne Barriere ist. Wenn Sie schwimmen, trifft das Blau des Pools auf das Blau des Himmels oder des Meeres, was \u00e4sthetisch sehr ansprechend ist. Diese Pools sind sicher, aber f\u00fcr Kinder ist Vorsicht geboten. Wenn Sie Zweifel an der Eignung dieses Pooltyps haben, erkundigen Sie sich bitte zum Zeitpunkt der Buchung nach Einzelheiten zum Pool Ihrer ausgew\u00e4hlten Villa.<\/p>\n<h2>Schwimmbad Aquarelleffekt<\/h2>\n<p>Chlor ist ein nat\u00fcrliches Bleichmittel. Je mehr der Pool genutzt wird und je w\u00e4rmer das Wetter ist, desto mehr Chemikalien werden ben\u00f6tigt, um die Sicherheit des Poolwassers zu gew\u00e4hrleisten. Dies kann mit bestimmten Stoffen und Farbstoffen reagieren, die auf ihnen verwendet werden, wodurch sie sich aufhellen oder verf\u00e4rben. Viele Badebekleidung tragen entsprechende Warnhinweise, und Gabi Miguel Lda \u00fcbernimmt keine Verantwortung f\u00fcr Sch\u00e4den, die am Eigentum des Kunden verursacht wurden, und h\u00e4lt gleichzeitig unsere vertraglichen Verpflichtungen ein, um sicherzustellen, dass Ihr Schwimmbad sicher benutzt werden kann.<\/p>\n<p>Wir bemerken, dass bestimmte Farben von blondem Haar auch einen Gr\u00fcnton entwickeln k\u00f6nnen. Diese Reaktion ist nat\u00fcrlich und bedeutet nicht, dass das chemische Gleichgewicht des Wassers falsch ist. Bitte sp\u00fclen Sie Ihre Haare nach der Benutzung des Pools gr\u00fcndlich in frischem Wasser aus. Shampoos, die dieses Problem l\u00f6sen k\u00f6nnen, sind in den meisten Superm\u00e4rkten oder Apotheken im Ausland erh\u00e4ltlich.<\/p>\n<h2>Glasfenster und T\u00fcren<\/h2>\n<p>Bitte seien Sie sehr vorsichtig mit Fenstern, insbesondere mit Terrassent\u00fcren aus Glas in voller L\u00e4nge. Das Glas kann gelegentlich nicht geh\u00e4rtet sein, und gelegentlich kommt es in einer fremden Umgebung leichter zu Unf\u00e4llen als zu Hause.<\/p>\n<h2>Lokale Str\u00e4nde<\/h2>\n<p>Bitte beachten Sie die \u00f6rtlichen Sicherheitsvorkehrungen, wenn Sie die Str\u00e4nde besuchen. Befolgen Sie zu Ihrer eigenen Sicherheit jederzeit die Vorschl\u00e4ge der \u00f6rtlichen Rettungsschwimmer, Warnhinweise oder Flaggencodes. Wenn Sie Bedenken haben, wenden Sie sich an eine qualifizierte Beh\u00f6rde oder Ihren Vertreter von Gabi Miguel Lda.<\/p>\n<h2>Bettw\u00e4sche<\/h2>\n<p>Bettw\u00e4sche wird geliefert. Sollte eine Person in Ihrer Gruppe Allergien gegen Waschsubstanzen haben, bringen Sie bitte Ihre eigene W\u00e4sche mit.<\/p>\n<h2>Gas Versorgung<\/h2>\n<p>Wir bestehen darauf, dass alle unsere Villen mit Gasinstallationen regelm\u00e4\u00dfig von einem qualifizierten Gassicherheitsingenieur \u00fcberpr\u00fcft werden und ein Eignungszertifikat ausgestellt wird.<\/p>\n<h2>Augenschutz<\/h2>\n<p>In Urlaubszielen ist es wichtig, die Augen vor Sonnensch\u00e4den zu sch\u00fctzen. Wir empfehlen, dass Sie sich vor Reiseantritt an einen \u201eAugenspezialisten\u201c wenden, um Ratschl\u00e4ge zur Minimierung Ihres Risikos zu erhalten.<\/p>\n<h2>Krankheiten<\/h2>\n<p>Wenn Sie oder ein Mitglied Ihrer Gruppe an einer Krankheit leiden, empfehlen wir Ihnen, sich zum Zeitpunkt der Buchung an Ihre Reiseversicherung zu wenden, um eine bereits bestehende Krankheit zu melden. So k\u00f6nnen Sie sicherstellen, dass Sie f\u00fcr alle Eventualit\u00e4ten abgesichert sind.<\/p>\n<h2>Sicherheit<\/h2>\n<p>Verbrechen gegen Menschen und Eigentum sind zu einer ungl\u00fccklichen Tatsache geworden, und Sie m\u00fcssen im Urlaub genauso auf Ihre pers\u00f6nliche Sicherheit achten wie zu Hause. Alle Kunden sollten besonders wachsam sein und darauf achten, dass Ihre Urlaubsunterkunft mit gr\u00f6\u00dfter Sorgfalt behandelt wird. Stellen Sie sicher, dass Sie nachts alle Fenster, Fensterl\u00e4den und T\u00fcren der Unterkunft schlie\u00dfen und verriegeln. Sie sollten Ihre Unterkunft abschlie\u00dfen, wenn Sie sich am Pool entspannen oder nachmittags ein Nickerchen oder eine Siesta genie\u00dfen.<\/p>\n<p>Bitte benutzen Sie den zur Verf\u00fcgung gestellten Safe, um Wertsachen wie P\u00e4sse und Flugtickets aufzubewahren. Wenn Sie den bereitgestellten kostenlosen Safe nicht nutzen, k\u00f6nnen Sie eventuelle Versicherungsanspr\u00fcche ung\u00fcltig machen. Einige Villen verf\u00fcgen \u00fcber einen Alarm. Wenn verf\u00fcgbar, verwenden Sie diesen bitte, wenn Sie die Villa verlassen. Nehmen Sie keine gro\u00dfen Mengen an Bargeld mit, sondern verwenden Sie Kredit- oder Debitkarten, um Bargeld an Geldautomaten zu erhalten.<br \/>\nIm Falle eines Diebstahls melden Sie dies Ihrer \u00f6rtlichen Polizei und informieren Sie Ihren Vertreter von Gabi Miguel Lda. Stellen Sie sicher, dass Sie einen Polizeibericht \u00fcber den Vorfall oder Verlust erhalten, um einen Anspruch auf Ihre Reiseversicherung geltend machen zu k\u00f6nnen. Bitte beachten Sie, dass die Erstellung eines Polizeiberichts einige Zeit in Anspruch nehmen kann. In einigen Resorts ben\u00f6tigen Sie die Hilfe eines professionellen \u00dcbersetzers, f\u00fcr den eine Geb\u00fchr erhoben wird. Bitte beachten Sie, dass wir keine Entsch\u00e4digung aufgrund von Diebstahl anbieten und keine Verantwortung f\u00fcr solche Angelegenheiten \u00fcbernehmen.<\/p>\n<h2>Kindersicherheit<\/h2>\n<p>Gabi Miguel Lda behauptet nicht, dass eine Unterkunft absolut kinderfreundlich oder sicher ist, und es sollte immer darauf geachtet werden, insbesondere rund um den Poolbereich, Balkone, Hauptstra\u00dfen, nicht eingez\u00e4unte Bereiche usw., wo Kinder jederzeit beaufsichtigt werden sollten. Einige Unterk\u00fcnfte eignen sich besser als andere f\u00fcr kleine Kinder und die weniger Mobilen. Der Kunde sollte die Eignung der Unterkunft vor der Buchung vollst\u00e4ndig pr\u00fcfen. Die Eltern sind jederzeit f\u00fcr die Handlungen ihrer Kinder verantwortlich und haftbar.<\/p>\n<h2>Verkehrssicherheit<\/h2>\n<p>Die Stra\u00dfenverkehrsregeln k\u00f6nnen von Land zu Land unterschiedlich sein. Wir bitten Sie daher, besonders vorsichtig zu sein und sicherzustellen, dass Sie die \u00f6rtlichen Vorschriften jederzeit einhalten.<\/p>\n<h2>Reisetipps<\/h2>\n<p>Wenn Sie Bedenken bez\u00fcglich Ihres Urlaubsziels haben, empfehlen wir Ihnen, sich an ds Fremdenverkehrsb\u00fcro Ihres Landes oder an die offizielle Website der Europ\u00e4ischen Union unter http:\/\/europa.eu\/travel\/index_en.htm zu wenden. Diese gelten f\u00fcr Reisen in den 27 L\u00e4ndern der EU.<\/p>\n<h2>Aktualisierungen dieser Gesundheit und Sicherheitvorschriften<\/h2>\n<p>Wir behalten uns das Recht vor, unsere Gesundheit und Sicherheitsvorschriften von Zeit zu Zeit zu aktualisieren. Die Gesundheits- und Sicherheitsupdates werden auf dieser Seite mit einer eindeutigen Angabe des \u00dcberarbeitungsdatums ver\u00f6ffentlicht.<\/p>\n","protected":false},"excerpt":{"rendered":"<p>Wichtige Informationen zur Villa Bitte nehmen Sie sich bei Ihrer Ankunft Zeit, um sich mit den Sicherheitsmerkmalen und dem Layout der Ferienunterkunft vertraut zu machen. Insbesondere wenn Sie mit Kindern reisen, nehmen Sie sich bitte die Zeit, um sie auf Bereiche hinzuweisen, in denen sie besonders vorsichtig sein sollten, wie z. B. den Pool oder &hellip; <a href=\"https:\/\/gabimiguel.pt\/rentals\/de\/about-us\/gesundheit-sicherheitsvorschriften\/\" class=\"more-link\">Weiterlesen <span class=\"screen-reader-text\"> &#8222;Gesundheit &#038; Sicherheitsvorschriften&#8220;<\/span><\/a><\/p>\n","protected":false},"author":1,"featured_media":0,"parent":16771,"menu_order":0,"comment_status":"closed","ping_status":"closed","template":"template-full-width-page.php","meta":{"om_disable_all_campaigns":false,"_monsterinsights_skip_tracking":false,"_monsterinsights_sitenote_active":false,"_monsterinsights_sitenote_note":"","_monsterinsights_sitenote_category":0,"_uf_show_specific_survey":0,"_uf_disable_surveys":false,"footnotes":""},"class_list":["post-13250","page","type-page","status-publish","hentry"],"aioseo_notices":[],"_links":{"self":[{"href":"https:\/\/gabimiguel.pt\/rentals\/de\/wp-json\/wp\/v2\/pages\/13250","targetHints":{"allow":["GET"]}}],"collection":[{"href":"https:\/\/gabimiguel.pt\/rentals\/de\/wp-json\/wp\/v2\/pages"}],"about":[{"href":"https:\/\/gabimiguel.pt\/rentals\/de\/wp-json\/wp\/v2\/types\/page"}],"author":[{"embeddable":true,"href":"https:\/\/gabimiguel.pt\/rentals\/de\/wp-json\/wp\/v2\/users\/1"}],"replies":[{"embeddable":true,"href":"https:\/\/gabimiguel.pt\/rentals\/de\/wp-json\/wp\/v2\/comments?post=13250"}],"version-history":[{"count":0,"href":"https:\/\/gabimiguel.pt\/rentals\/de\/wp-json\/wp\/v2\/pages\/13250\/revisions"}],"up":[{"embeddable":true,"href":"https:\/\/gabimiguel.pt\/rentals\/de\/wp-json\/wp\/v2\/pages\/16771"}],"wp:attachment":[{"href":"https:\/\/gabimiguel.pt\/rentals\/de\/wp-json\/wp\/v2\/media?parent=13250"}],"curies":[{"name":"wp","href":"https:\/\/api.w.org\/{rel}","templated":true}]}}