
{"id":13262,"date":"2021-06-30T10:44:05","date_gmt":"2021-06-30T10:44:05","guid":{"rendered":"https:\/\/gabimiguel.pt\/rentals\/?page_id=13262"},"modified":"2021-06-30T15:13:41","modified_gmt":"2021-06-30T15:13:41","slug":"datenschutz-bestimmungen","status":"publish","type":"page","link":"https:\/\/gabimiguel.pt\/rentals\/de\/about-us\/datenschutz-bestimmungen\/","title":{"rendered":"Datenschutz-Bestimmungen"},"content":{"rendered":"<p>Wir danken Ihnen f\u00fcr Ihr Vertrauen und stehen daf\u00fcr ein, Ihre pers\u00f6nlichen Daten als Besucher oder Kunde der Website gabimiguel.pt jederzeit zu sch\u00fctzen. Durch die Nutzung der Website gabimiguel.pt akzeptieren Sie die in dieser Datenschutzrichtlinie beschriebenen Praktiken.<\/p>\n<h2>Erhobene personenbezogene Daten<\/h2>\n<p>Gabimiguel.pt erhebt Informationen von Ihnen, wenn Sie eine Buchungsanfrage stellen oder eine Anfrage direkt \u00fcber unsere Website oder \u00fcber Websites Dritter, auf denen gabimiguel.pt wirbt, an uns senden.<\/p>\n<p>Durch die Nutzung von gabimiguel.pt erm\u00e4chtigen Sie uns, alle Informationen, die Sie uns zur Verf\u00fcgung stellen, gem\u00e4\u00df dieser Datenschutzrichtlinie zu sammeln, zu speichern, aufzubewahren und zu verwenden.<\/p>\n<h2>Verwendung personenbezogener Daten<\/h2>\n<p>Alle Informationen, die wir von Ihnen sammeln, k\u00f6nnen auf eine der folgenden Arten verwendet werden:<\/p>\n<p>1. <strong>Um Ihre Anfrage oder Buchungsanfrage zu erf\u00fcllen<\/strong> und Ihre Reisew\u00fcnsche auf gabimiguel.pt zu erf\u00fcllen.<\/p>\n<p>2.<strong> Um Ihre Erfahrung innerhalb von gabimiguel.pt zu personalisieren<\/strong> \u2013 Ihre Informationen helfen uns, besser auf Ihre individuellen Bed\u00fcrfnisse einzugehen und unseren Service zu verbessern.<\/p>\n<p>3.<strong> Um Ihre Transaktionen zu verarbeiten<\/strong> \u2013 Ihre Informationen, ob \u00f6ffentlich oder privat, werden ohne Ihre Zustimmung aus keinem Grund verkauft, ausgetauscht, \u00fcbertragen oder an ein anderes Unternehmen weitergegeben, au\u00dfer zum ausdr\u00fccklichen Zweck der Erbringung der angeforderten Dienstleistung.<\/p>\n<p>4. <strong>Um Ihnen regelm\u00e4\u00dfig E-Mails zu senden<\/strong> \u2013 Die von Ihnen angegebene E-Mail-Adresse wird nur verwendet, um Sie \u00fcber unsere Produkte und Dienstleistungen, Wettbewerbe, Werbeaktionen, Pr\u00e4mien, Veranstaltungen auf dem Laufenden zu halten und Ihnen Neuigkeiten \u00fcber Produkte oder Dienstleistungen unserer ausgew\u00e4hlten Partner zuzusenden.<br \/>\n<strong> Hinweis:<\/strong> Wenn Sie sich zu irgendeinem Zeitpunkt vom Erhalt zuk\u00fcnftiger E-Mails von gabimiguel.pt abmelden m\u00f6chten, f\u00fcgen wir am Ende jeder E-Mail detaillierte Anweisungen zum Abbestellen bei.<\/p>\n<h2>Informationsschutz<\/h2>\n<p>Wir treffen angemessene Vorkehrungen, um Ihre personenbezogenen Daten vor Verlust, unbefugtem Zugriff, Offenlegung und Missbrauch zu sch\u00fctzen. Die personenbezogenen Daten, die Sie zur Abwicklung einer Zahlungstransaktion angeben, werden nicht auf unseren Servern gespeichert. Zahlungstransaktionen werden \u00fcber seri\u00f6se Zahlungs-Gateways von Drittanbietern durchgef\u00fchrt, und als solche sind Ihre pers\u00f6nlichen und Kreditinformationen durch deren Datenschutzrichtlinie gesch\u00fctzt.<\/p>\n<h2>Cookies und andere Datenverfolgungstechnologien<\/h2>\n<p>Gabimiguel.pt kann Cookies und Pixel-Tags in unseren Diensten, E-Mails und Anzeigen verwenden. Cookies sind kleine Dateien, die eine Website oder ihr Dienstanbieter \u00fcber Ihren Webbrowser auf die Festplatte Ihres Computers \u00fcbertr\u00e4gt (sofern Sie dies zulassen), die es den Systemen der Website oder Dienstanbieter erm\u00f6glichen, Ihren Browser zu erkennen, bestimmte Informationen zu erfassen und zu speichern. Cookies fungieren als anonymes Tag, das Ihren Computer identifiziert, aber nicht Sie pers\u00f6nlich.<\/p>\n<p>Wir verwenden Cookies, um Ihre Pr\u00e4ferenzen f\u00fcr zuk\u00fcnftige Besuche zu verstehen und zu speichern, Werbung zu verfolgen und aggregierte Daten \u00fcber den Verkehr und die Website-Interaktion von gabimiguel.pt zu sammeln, damit wir die Erfahrung unserer Benutzer und unsere Dienste in Zukunft verbessern k\u00f6nnen.<\/p>\n<p>Wir k\u00f6nnen Vertr\u00e4ge mit Drittanbietern schlie\u00dfen, um uns dabei zu helfen, unsere Website-Benutzer besser zu verstehen. Diesen Dienstleistern ist es nicht gestattet, die in unserem Namen gesammelten Informationen zu verwenden, au\u00dfer um uns bei der Durchf\u00fchrung und Verbesserung unseres Gesch\u00e4fts zu unterst\u00fctzen.<\/p>\n<p>Ein Pixel-Tag, auch als Clear GIF oder Web Beacon bekannt, ist ein unsichtbares Tag, das auf bestimmten Seiten unserer Website, aber nicht auf Ihrem Computer platziert wird. Wenn Sie auf diese Seiten zugreifen, generieren Pixel-Tags eine allgemeine Benachrichtigung \u00fcber diesen Besuch. Sie arbeiten normalerweise in Verbindung mit Cookies und registrieren sich, wenn ein bestimmter Computer eine bestimmte Seite besucht. Wenn Sie Cookies deaktivieren, erkennt das Pixel-Tag lediglich einen anonymen Website-Besuch.<\/p>\n<h2>Weitergabe personenbezogener Daten an Dritte<\/h2>\n<p>Gabimiguel.pt wird Ihre personenbezogenen Daten ohne Ihre pers\u00f6nliche Zustimmung nicht verkaufen, handeln oder anderweitig an Dritte weitergeben. Dies gilt nicht f\u00fcr vertrauensw\u00fcrdige Dritte, die uns beim Betrieb unserer Website, bei der Durchf\u00fchrung unserer Gesch\u00e4fte oder bei der Betreuung von Ihnen unterst\u00fctzen, solange diese Parteien zustimmen, diese Informationen vertraulich zu behandeln. Wir k\u00f6nnen Ihre Daten auch ver\u00f6ffentlichen, wenn dies angemessen ist, um Gesetze einzuhalten, unsere Website-Richtlinien durchzusetzen oder unsere oder andere Rechte, Eigentum oder Sicherheit zu sch\u00fctzen. Nicht personenbezogene Besucherinformationen k\u00f6nnen jedoch zu Marketing-, Werbe- oder anderen Zwecken an Dritte weitergegeben werden.<\/p>\n<h2>Links zu Drittanbietern<\/h2>\n<p>Gabimiguel.pt kann gelegentlich Produkte oder Dienstleistungen Dritter auf unserer Website einbinden oder anbieten. Diese Websites von Drittanbietern haben separate und unabh\u00e4ngige Datenschutzrichtlinien. Wir \u00fcbernehmen daher keine Verantwortung oder Haftung f\u00fcr den Inhalt und die Aktivit\u00e4ten dieser verlinkten Websites. Dennoch bem\u00fchen wir uns, die Integrit\u00e4t unserer Website zu sch\u00fctzen und freuen uns \u00fcber jedes Feedback zu diesen Websites Dritter.<\/p>\n<h2>Aktualisierungen dieser Datenschutzrichtlinie<\/h2>\n<p>Wir behalten uns das Recht vor, unsere Datenschutzrichtlinie von Zeit zu Zeit zu aktualisieren. Die Aktualisierungen der Datenschutzrichtlinie werden auf dieser Seite mit einem klaren Hinweis auf das \u00dcberarbeitungsdatum ver\u00f6ffentlicht.<\/p>\n","protected":false},"excerpt":{"rendered":"<p>Wir danken Ihnen f\u00fcr Ihr Vertrauen und stehen daf\u00fcr ein, Ihre pers\u00f6nlichen Daten als Besucher oder Kunde der Website gabimiguel.pt jederzeit zu sch\u00fctzen. Durch die Nutzung der Website gabimiguel.pt akzeptieren Sie die in dieser Datenschutzrichtlinie beschriebenen Praktiken. Erhobene personenbezogene Daten Gabimiguel.pt erhebt Informationen von Ihnen, wenn Sie eine Buchungsanfrage stellen oder eine Anfrage direkt \u00fcber &hellip; <a href=\"https:\/\/gabimiguel.pt\/rentals\/de\/about-us\/datenschutz-bestimmungen\/\" class=\"more-link\">Weiterlesen <span class=\"screen-reader-text\"> &#8222;Datenschutz-Bestimmungen&#8220;<\/span><\/a><\/p>\n","protected":false},"author":1,"featured_media":0,"parent":16771,"menu_order":0,"comment_status":"closed","ping_status":"closed","template":"template-full-width-page.php","meta":{"om_disable_all_campaigns":false,"_monsterinsights_skip_tracking":false,"_monsterinsights_sitenote_active":false,"_monsterinsights_sitenote_note":"","_monsterinsights_sitenote_category":0,"_uf_show_specific_survey":0,"_uf_disable_surveys":false,"footnotes":""},"class_list":["post-13262","page","type-page","status-publish","hentry"],"aioseo_notices":[],"_links":{"self":[{"href":"https:\/\/gabimiguel.pt\/rentals\/de\/wp-json\/wp\/v2\/pages\/13262","targetHints":{"allow":["GET"]}}],"collection":[{"href":"https:\/\/gabimiguel.pt\/rentals\/de\/wp-json\/wp\/v2\/pages"}],"about":[{"href":"https:\/\/gabimiguel.pt\/rentals\/de\/wp-json\/wp\/v2\/types\/page"}],"author":[{"embeddable":true,"href":"https:\/\/gabimiguel.pt\/rentals\/de\/wp-json\/wp\/v2\/users\/1"}],"replies":[{"embeddable":true,"href":"https:\/\/gabimiguel.pt\/rentals\/de\/wp-json\/wp\/v2\/comments?post=13262"}],"version-history":[{"count":0,"href":"https:\/\/gabimiguel.pt\/rentals\/de\/wp-json\/wp\/v2\/pages\/13262\/revisions"}],"up":[{"embeddable":true,"href":"https:\/\/gabimiguel.pt\/rentals\/de\/wp-json\/wp\/v2\/pages\/16771"}],"wp:attachment":[{"href":"https:\/\/gabimiguel.pt\/rentals\/de\/wp-json\/wp\/v2\/media?parent=13262"}],"curies":[{"name":"wp","href":"https:\/\/api.w.org\/{rel}","templated":true}]}}