
{"id":1248,"date":"2018-10-10T19:48:30","date_gmt":"2018-10-10T19:48:30","guid":{"rendered":"https:\/\/gabimiguel.pt\/rentals\/?page_id=1248"},"modified":"2023-05-27T11:45:14","modified_gmt":"2023-05-27T11:45:14","slug":"check-in-pt","status":"publish","type":"page","link":"https:\/\/gabimiguel.pt\/rentals\/pt-pt\/check-in-pt\/","title":{"rendered":"PT \/ Online Check-In"},"content":{"rendered":"\t\t<div data-elementor-type=\"wp-post\" data-elementor-id=\"1248\" class=\"elementor elementor-1248\">\n\t\t\t\t\t\t<section class=\"elementor-section elementor-top-section elementor-element elementor-element-8df55ec elementor-section-boxed elementor-section-height-default elementor-section-height-default\" data-id=\"8df55ec\" data-element_type=\"section\" data-e-type=\"section\">\n\t\t\t\t\t\t<div class=\"elementor-container elementor-column-gap-default\">\n\t\t\t\t\t<div class=\"elementor-column elementor-col-100 elementor-top-column elementor-element elementor-element-a9134f6\" data-id=\"a9134f6\" data-element_type=\"column\" data-e-type=\"column\">\n\t\t\t<div class=\"elementor-widget-wrap elementor-element-populated\">\n\t\t\t\t\t\t<div class=\"elementor-element elementor-element-86ddc38 elementor-widget elementor-widget-heading\" data-id=\"86ddc38\" data-element_type=\"widget\" data-e-type=\"widget\" data-widget_type=\"heading.default\">\n\t\t\t\t<div class=\"elementor-widget-container\">\n\t\t\t\t\t<h2 class=\"elementor-heading-title elementor-size-default\">Informa\u00e7\u00e3o Pessoal<\/h2>\t\t\t\t<\/div>\n\t\t\t\t<\/div>\n\t\t\t\t\t<\/div>\n\t\t<\/div>\n\t\t\t\t\t<\/div>\n\t\t<\/section>\n\t\t\t\t<section class=\"elementor-section elementor-top-section elementor-element elementor-element-7eac6a1 elementor-section-boxed elementor-section-height-default elementor-section-height-default\" data-id=\"7eac6a1\" data-element_type=\"section\" data-e-type=\"section\">\n\t\t\t\t\t\t<div class=\"elementor-container elementor-column-gap-default\">\n\t\t\t\t\t<div class=\"elementor-column elementor-col-100 elementor-top-column elementor-element elementor-element-63474ca\" data-id=\"63474ca\" data-element_type=\"column\" data-e-type=\"column\">\n\t\t\t<div class=\"elementor-widget-wrap elementor-element-populated\">\n\t\t\t\t\t\t<div class=\"elementor-element elementor-element-c89e33b elementor-widget elementor-widget-text-editor\" data-id=\"c89e33b\" data-element_type=\"widget\" data-e-type=\"widget\" data-widget_type=\"text-editor.default\">\n\t\t\t\t<div class=\"elementor-widget-container\">\n\t\t\t\t\t\t\t\t\t<p style=\"text-align: center;\"><style id=\"wpforms-css-vars-16547\">\n\t\t\t\t#wpforms-16547 {\n\t\t\t\t\n\t\t\t}\n\t\t\t<\/style><div class=\"wpforms-container wpforms-container-full wpforms-render-modern\" id=\"wpforms-16547\"><form id=\"wpforms-form-16547\" class=\"wpforms-validate wpforms-form wpforms-ajax-form\" data-formid=\"16547\" method=\"post\" enctype=\"multipart\/form-data\" action=\"\/rentals\/pt-pt\/wp-json\/wp\/v2\/pages\/1248\" data-token=\"86a7884601ec4a0dcb2d44e0634ddc68\" data-token-time=\"1775708323\"><noscript class=\"wpforms-error-noscript\">Please enable JavaScript in your browser to complete this form.<\/noscript><div id=\"wpforms-error-noscript\" style=\"display: none;\">Please enable JavaScript in your browser to complete this form.<\/div><div class=\"wpforms-field-container\"><div id=\"wpforms-16547-field_3-container\" class=\"wpforms-field wpforms-field-name\" data-field-id=\"3\"><fieldset><legend class=\"wpforms-field-label\">Nome <span class=\"wpforms-required-label\" aria-hidden=\"true\">*<\/span><\/legend><div class=\"wpforms-field-row wpforms-field-medium\"><div class=\"wpforms-field-row-block wpforms-first wpforms-one-half\"><input type=\"text\" id=\"wpforms-16547-field_3\" class=\"wpforms-field-name-first wpforms-field-required\" name=\"wpforms[fields][3][first]\" aria-errormessage=\"wpforms-16547-field_3-error\" aria-describedby=\"wpforms-16547-field_3-description\" required><label for=\"wpforms-16547-field_3\" class=\"wpforms-field-sublabel after\">First<\/label><\/div><div class=\"wpforms-field-row-block wpforms-one-half\"><input type=\"text\" id=\"wpforms-16547-field_3-last\" class=\"wpforms-field-name-last wpforms-field-required\" name=\"wpforms[fields][3][last]\" aria-errormessage=\"wpforms-16547-field_3-last-error\" aria-describedby=\"wpforms-16547-field_3-description\" required><label for=\"wpforms-16547-field_3-last\" class=\"wpforms-field-sublabel after\">Last<\/label><\/div><\/div><div id=\"wpforms-16547-field_3-description\" class=\"wpforms-field-description\">Primeiro e Apelido<\/div><\/fieldset><\/div><div id=\"wpforms-16547-field_4-container\" class=\"wpforms-field wpforms-field-email\" data-field-id=\"4\"><label class=\"wpforms-field-label\" for=\"wpforms-16547-field_4\">Email <span class=\"wpforms-required-label\" aria-hidden=\"true\">*<\/span><\/label><input type=\"email\" id=\"wpforms-16547-field_4\" class=\"wpforms-field-medium wpforms-field-required\" name=\"wpforms[fields][4]\" spellcheck=\"false\" aria-errormessage=\"wpforms-16547-field_4-error\" required><\/div><div id=\"wpforms-16547-field_6-container\" class=\"wpforms-field wpforms-field-number\" data-field-id=\"6\"><label class=\"wpforms-field-label\" for=\"wpforms-16547-field_6\">N\u00famero de Telefone \/ Telem\u00f3vel <span class=\"wpforms-required-label\" aria-hidden=\"true\">*<\/span><\/label><input type=\"number\" id=\"wpforms-16547-field_6\" class=\"wpforms-field-medium wpforms-field-required\" name=\"wpforms[fields][6]\" step=\"any\" aria-errormessage=\"wpforms-16547-field_6-error\" required><\/div><div id=\"wpforms-16547-field_8-container\" class=\"wpforms-field wpforms-field-select wpforms-field-select-style-classic\" data-field-id=\"8\"><label class=\"wpforms-field-label\" for=\"wpforms-16547-field_8\">Adultos <span class=\"wpforms-required-label\" aria-hidden=\"true\">*<\/span><\/label><select id=\"wpforms-16547-field_8\" class=\"wpforms-field-medium wpforms-field-required\" name=\"wpforms[fields][8]\" required=\"required\"><option value=\"1\"  selected='selected' class=\"choice-1 depth-1\"  >1<\/option><option value=\"2 \"  class=\"choice-2 depth-1\"  >2<\/option><option value=\"3\"  class=\"choice-3 depth-1\"  >3<\/option><option value=\"4\"  class=\"choice-5 depth-1\"  >4<\/option><option value=\"5\"  class=\"choice-6 depth-1\"  >5<\/option><option value=\"6\"  class=\"choice-7 depth-1\"  >6<\/option><option value=\"7\"  class=\"choice-8 depth-1\"  >7<\/option><option value=\"8\"  class=\"choice-9 depth-1\"  >8<\/option><option value=\"9\"  class=\"choice-10 depth-1\"  >9<\/option><option value=\"10\"  class=\"choice-11 depth-1\"  >10<\/option><\/select><\/div><div id=\"wpforms-16547-field_9-container\" class=\"wpforms-field wpforms-field-select wpforms-field-select-style-classic\" data-field-id=\"9\"><label class=\"wpforms-field-label\" for=\"wpforms-16547-field_9\">Crian\u00e7as <span class=\"wpforms-required-label\" aria-hidden=\"true\">*<\/span><\/label><select id=\"wpforms-16547-field_9\" class=\"wpforms-field-medium wpforms-field-required\" name=\"wpforms[fields][9]\" required=\"required\"><option value=\"0\"  selected='selected' class=\"choice-1 depth-1\"  >0<\/option><option value=\"1\"  class=\"choice-2 depth-1\"  >1<\/option><option value=\"2\"  class=\"choice-3 depth-1\"  >2<\/option><option value=\"3\"  class=\"choice-4 depth-1\"  >3<\/option><option value=\"4\"  class=\"choice-5 depth-1\"  >4<\/option><option value=\"5\"  class=\"choice-6 depth-1\"  >5<\/option><option value=\"6\"  class=\"choice-7 depth-1\"  >6<\/option><option value=\"7\"  class=\"choice-8 depth-1\"  >7<\/option><option value=\"8\"  class=\"choice-9 depth-1\"  >8<\/option><option value=\"9\"  class=\"choice-10 depth-1\"  >9<\/option><\/select><\/div><div id=\"wpforms-16547-field_11-container\" class=\"wpforms-field wpforms-field-select wpforms-field-select-style-classic\" data-field-id=\"11\"><label class=\"wpforms-field-label\" for=\"wpforms-16547-field_11\">Animais de Estima\u00e7\u00e3o <span class=\"wpforms-required-label\" aria-hidden=\"true\">*<\/span><\/label><select id=\"wpforms-16547-field_11\" class=\"wpforms-field-medium wpforms-field-required\" name=\"wpforms[fields][11]\" required=\"required\"><option value=\"0\"  selected='selected' class=\"choice-1 depth-1\"  >0<\/option><option value=\"1\"  class=\"choice-4 depth-1\"  >1<\/option><option value=\"2\"  class=\"choice-2 depth-1\"  >2<\/option><option value=\"3\"  class=\"choice-3 depth-1\"  >3<\/option><\/select><\/div><div id=\"wpforms-16547-field_21-container\" class=\"wpforms-field wpforms-field-text\" data-field-id=\"21\"><label class=\"wpforms-field-label\" for=\"wpforms-16547-field_21\">Cart\u00e3o Cidad\u00e3o \/ Passaporte  <span class=\"wpforms-required-label\" aria-hidden=\"true\">*<\/span><\/label><input type=\"text\" id=\"wpforms-16547-field_21\" class=\"wpforms-field-medium wpforms-field-required\" name=\"wpforms[fields][21]\" aria-errormessage=\"wpforms-16547-field_21-error\" aria-describedby=\"wpforms-16547-field_21-description\" required><div id=\"wpforms-16547-field_21-description\" class=\"wpforms-field-description\">Insira o seu n\u00famero de Cart\u00e3o de Cidad\u00e3o ou Passaporte<\/div><\/div><div id=\"wpforms-16547-field_23-container\" class=\"wpforms-field wpforms-field-text\" data-field-id=\"23\"><label class=\"wpforms-field-label\" for=\"wpforms-16547-field_23\">Validade do Documento <span class=\"wpforms-required-label\" aria-hidden=\"true\">*<\/span><\/label><input type=\"text\" id=\"wpforms-16547-field_23\" class=\"wpforms-field-medium wpforms-field-required\" name=\"wpforms[fields][23]\" aria-errormessage=\"wpforms-16547-field_23-error\" aria-describedby=\"wpforms-16547-field_23-description\" required><div id=\"wpforms-16547-field_23-description\" class=\"wpforms-field-description\">V\u00e1lido at\u00e9 | Exemplo: 25\/02\/2032<\/div><\/div><div id=\"wpforms-16547-field_22-container\" class=\"wpforms-field wpforms-field-text\" data-field-id=\"22\"><label class=\"wpforms-field-label\" for=\"wpforms-16547-field_22\">Pa\u00eds Emissor do Passaporte <span class=\"wpforms-required-label\" aria-hidden=\"true\">*<\/span><\/label><input type=\"text\" id=\"wpforms-16547-field_22\" class=\"wpforms-field-medium wpforms-field-required\" name=\"wpforms[fields][22]\" aria-errormessage=\"wpforms-16547-field_22-error\" aria-describedby=\"wpforms-16547-field_22-description\" required><div id=\"wpforms-16547-field_22-description\" class=\"wpforms-field-description\">Nome Pa\u00eds | Exemplo: Reino Unido<\/div><\/div><div id=\"wpforms-16547-field_24-container\" class=\"wpforms-field wpforms-field-text\" data-field-id=\"24\"><label class=\"wpforms-field-label\" for=\"wpforms-16547-field_24\">Nacionalidade <span class=\"wpforms-required-label\" aria-hidden=\"true\">*<\/span><\/label><input type=\"text\" id=\"wpforms-16547-field_24\" class=\"wpforms-field-medium wpforms-field-required\" name=\"wpforms[fields][24]\" aria-errormessage=\"wpforms-16547-field_24-error\" aria-describedby=\"wpforms-16547-field_24-description\" required><div id=\"wpforms-16547-field_24-description\" class=\"wpforms-field-description\">Pa\u00eds que identifica a sua origem legal | Exemplo: Brit\u00e1nico<\/div><\/div><div id=\"wpforms-16547-field_25-container\" class=\"wpforms-field wpforms-field-text\" data-field-id=\"25\"><label class=\"wpforms-field-label\" for=\"wpforms-16547-field_25\">Data de Nascimento <span class=\"wpforms-required-label\" aria-hidden=\"true\">*<\/span><\/label><input type=\"text\" id=\"wpforms-16547-field_25\" class=\"wpforms-field-medium wpforms-field-required\" name=\"wpforms[fields][25]\" aria-errormessage=\"wpforms-16547-field_25-error\" aria-describedby=\"wpforms-16547-field_25-description\" required><div id=\"wpforms-16547-field_25-description\" class=\"wpforms-field-description\">Insira a sua date de nascimento | Exemplo: 01.01.1975<\/div><\/div><div id=\"wpforms-16547-field_28-container\" class=\"wpforms-field wpforms-field-textarea\" data-field-id=\"28\"><label class=\"wpforms-field-label\" for=\"wpforms-16547-field_28\">Morada do Cliente <span class=\"wpforms-required-label\" aria-hidden=\"true\">*<\/span><\/label><textarea id=\"wpforms-16547-field_28\" class=\"wpforms-field-medium wpforms-field-required\" name=\"wpforms[fields][28]\" aria-errormessage=\"wpforms-16547-field_28-error\" aria-describedby=\"wpforms-16547-field_28-description\" required><\/textarea><div id=\"wpforms-16547-field_28-description\" class=\"wpforms-field-description\">Insira a sua morada de resid\u00eancia | Examplo: Meridien House, 69-71 Clarendon Rd, Watford, WD17 1DS, England<\/div><\/div><div id=\"wpforms-16547-field_27-container\" class=\"wpforms-field wpforms-field-textarea\" data-field-id=\"27\"><label class=\"wpforms-field-label\" for=\"wpforms-16547-field_27\">Detalhes do Grupo <span class=\"wpforms-required-label\" aria-hidden=\"true\">*<\/span><\/label><textarea id=\"wpforms-16547-field_27\" class=\"wpforms-field-medium wpforms-field-required\" name=\"wpforms[fields][27]\" aria-errormessage=\"wpforms-16547-field_27-error\" aria-describedby=\"wpforms-16547-field_27-description\" required><\/textarea><div id=\"wpforms-16547-field_27-description\" class=\"wpforms-field-description\">Por favor adicione os detalhes dos documentos de identifica\u00e7\u00e3o, nome, idade, local , numer , validade e pa\u00eds <\/div><\/div><div id=\"wpforms-16547-field_12-container\" class=\"wpforms-field wpforms-field-radio\" data-field-id=\"12\"><fieldset><legend class=\"wpforms-field-label\">Chegada  \/ Tipo de transporte<\/legend><ul id=\"wpforms-16547-field_12\"><li class=\"choice-1 depth-1\"><input type=\"radio\" id=\"wpforms-16547-field_12_1\" name=\"wpforms[fields][12]\" value=\"por Avi\u00e3o\" aria-errormessage=\"wpforms-16547-field_12_1-error\"  ><label class=\"wpforms-field-label-inline\" for=\"wpforms-16547-field_12_1\">por Avi\u00e3o<\/label><\/li><li class=\"choice-2 depth-1\"><input type=\"radio\" id=\"wpforms-16547-field_12_2\" name=\"wpforms[fields][12]\" value=\"por Carro\" aria-errormessage=\"wpforms-16547-field_12_2-error\"  ><label class=\"wpforms-field-label-inline\" for=\"wpforms-16547-field_12_2\">por Carro<\/label><\/li><\/ul><\/fieldset><\/div><div id=\"wpforms-16547-field_20-container\" class=\"wpforms-field wpforms-field-text\" data-field-id=\"20\"><label class=\"wpforms-field-label\" for=\"wpforms-16547-field_20\">Hor\u00e1rio Estimado de Chegada<\/label><input type=\"text\" id=\"wpforms-16547-field_20\" class=\"wpforms-field-medium\" name=\"wpforms[fields][20]\" aria-errormessage=\"wpforms-16547-field_20-error\" aria-describedby=\"wpforms-16547-field_20-description\" ><div id=\"wpforms-16547-field_20-description\" class=\"wpforms-field-description\">Insira hora de chegada | Exemplo :  13:30H<\/div><\/div><div id=\"wpforms-16547-field_16-container\" class=\"wpforms-field wpforms-field-select wpforms-field-select-style-classic\" data-field-id=\"16\"><label class=\"wpforms-field-label\" for=\"wpforms-16547-field_16\">Aerporto <\/label><select id=\"wpforms-16547-field_16\" class=\"wpforms-field-medium\" name=\"wpforms[fields][16]\"><option value=\"Faro\"  selected='selected' class=\"choice-1 depth-1\"  >Faro<\/option><option value=\"Lisboa \"  class=\"choice-2 depth-1\"  >Lisboa<\/option><option value=\"Porto\"  class=\"choice-3 depth-1\"  >Porto<\/option><option value=\"Sevilha\"  class=\"choice-4 depth-1\"  >Sevilha<\/option><\/select><div id=\"wpforms-16547-field_16-description\" class=\"wpforms-field-description\">Indique o aeroporto de chegada<\/div><\/div><div id=\"wpforms-16547-field_17-container\" class=\"wpforms-field wpforms-field-text\" data-field-id=\"17\"><label class=\"wpforms-field-label\" for=\"wpforms-16547-field_17\">N\u00famero de V\u00f4o<\/label><input type=\"text\" id=\"wpforms-16547-field_17\" class=\"wpforms-field-medium\" name=\"wpforms[fields][17]\" aria-errormessage=\"wpforms-16547-field_17-error\" aria-describedby=\"wpforms-16547-field_17-description\" ><div id=\"wpforms-16547-field_17-description\" class=\"wpforms-field-description\">Insira N\u00famero de V\u00f4o | Examplo: FR 5785<\/div><\/div><div id=\"wpforms-16547-field_29-container\" class=\"wpforms-field wpforms-field-text\" data-field-id=\"29\"><label class=\"wpforms-field-label\" for=\"wpforms-16547-field_29\">Nome da Propriedade ou N\u00famero de Reserva<\/label><input type=\"text\" id=\"wpforms-16547-field_29\" class=\"wpforms-field-medium\" name=\"wpforms[fields][29]\" aria-errormessage=\"wpforms-16547-field_29-error\" aria-describedby=\"wpforms-16547-field_29-description\" ><div id=\"wpforms-16547-field_29-description\" class=\"wpforms-field-description\">Insira o nomea da moradia ou n\u00famero de reserva | Exemplo: Villa Gabi \/ PT-8200-91<\/div><\/div><div id=\"wpforms-16547-field_30-container\" class=\"wpforms-field wpforms-field-text\" data-field-id=\"30\"><label class=\"wpforms-field-label\" for=\"wpforms-16547-field_30\">Ag\u00eancia \/  Operator Tur\u00edstico<\/label><input type=\"text\" id=\"wpforms-16547-field_30\" class=\"wpforms-field-medium\" name=\"wpforms[fields][30]\" aria-errormessage=\"wpforms-16547-field_30-error\" aria-describedby=\"wpforms-16547-field_30-description\" ><div id=\"wpforms-16547-field_30-description\" class=\"wpforms-field-description\">Insira o nome da ag\u00eancia ou operador tur\u00edstico com qual reservou | Examplo: VRBO<\/div><\/div><div id=\"wpforms-16547-field_31-container\" class=\"wpforms-field wpforms-field-text\" data-field-id=\"31\"><label class=\"wpforms-field-label\" for=\"wpforms-16547-field_31\">Data de Check In  <span class=\"wpforms-required-label\" aria-hidden=\"true\">*<\/span><\/label><input type=\"text\" id=\"wpforms-16547-field_31\" class=\"wpforms-field-medium wpforms-field-required\" name=\"wpforms[fields][31]\" aria-errormessage=\"wpforms-16547-field_31-error\" aria-describedby=\"wpforms-16547-field_31-description\" required><div id=\"wpforms-16547-field_31-description\" class=\"wpforms-field-description\">Insira a data do seu check in | Exemplo: 02.09.2023<\/div><\/div><div id=\"wpforms-16547-field_32-container\" class=\"wpforms-field wpforms-field-text\" data-field-id=\"32\"><label class=\"wpforms-field-label\" for=\"wpforms-16547-field_32\">Data de Check Out <span class=\"wpforms-required-label\" aria-hidden=\"true\">*<\/span><\/label><input type=\"text\" id=\"wpforms-16547-field_32\" class=\"wpforms-field-medium wpforms-field-required\" name=\"wpforms[fields][32]\" aria-errormessage=\"wpforms-16547-field_32-error\" aria-describedby=\"wpforms-16547-field_32-description\" required><div id=\"wpforms-16547-field_32-description\" class=\"wpforms-field-description\">Insira a data do seu check out, dia de partida | Exemplo: 09.09.2023<\/div><\/div><div id=\"wpforms-16547-field_33-container\" class=\"wpforms-field wpforms-field-textarea\" data-field-id=\"33\"><label class=\"wpforms-field-label\" for=\"wpforms-16547-field_33\">Quest\u00f5es<\/label><textarea id=\"wpforms-16547-field_33\" class=\"wpforms-field-medium\" name=\"wpforms[fields][33]\" aria-errormessage=\"wpforms-16547-field_33-error\" aria-describedby=\"wpforms-16547-field_33-description\" ><\/textarea><div id=\"wpforms-16547-field_33-description\" class=\"wpforms-field-description\">Insira quest\u00f5es adicionais ou d\u00favidas que possa ter<\/div><\/div><div id=\"wpforms-16547-field_34-container\" class=\"wpforms-field wpforms-field-select wpforms-field-select-style-classic\" data-field-id=\"34\"><label class=\"wpforms-field-label\" for=\"wpforms-16547-field_34\">Op\u00e7\u00f5es de Pagamento <\/label><select id=\"wpforms-16547-field_34\" class=\"wpforms-field-medium\" name=\"wpforms[fields][34]\"><option value=\"Escolha a op\u00e7\u00e3o\"  selected='selected' class=\"choice-4 depth-1\"  >Escolha a op\u00e7\u00e3o<\/option><option value=\"Cart\u00e3o de Cr\u00e9dito \"  class=\"choice-1 depth-1\"  >Cart\u00e3o de Cr\u00e9dito<\/option><option value=\"Transfer\u00eancia Banc\u00e1ria\"  class=\"choice-2 depth-1\"  >Transfer\u00eancia Banc\u00e1ria<\/option><option value=\"Pagamento via Ag\u00eancia\"  class=\"choice-3 depth-1\"  >Pagamento via Ag\u00eancia<\/option><\/select><\/div><div id=\"wpforms-16547-field_36-container\" class=\"wpforms-field wpforms-field-checkbox\" data-field-id=\"36\"><fieldset><legend class=\"wpforms-field-label\">Confirmo que toda a informa\u00e7\u00e3o inserida esta correta e encontra-se validada <span class=\"wpforms-required-label\" aria-hidden=\"true\">*<\/span><\/legend><ul id=\"wpforms-16547-field_36\" class=\"wpforms-field-required\"><li class=\"choice-1 depth-1 wpforms-selected\"><input type=\"checkbox\" id=\"wpforms-16547-field_36_1\" name=\"wpforms[fields][36][]\" value=\"Sim, eu confirmo\" aria-errormessage=\"wpforms-16547-field_36_1-error\" aria-describedby=\"wpforms-16547-field_36-description\" required  checked='checked'><label class=\"wpforms-field-label-inline\" for=\"wpforms-16547-field_36_1\">Sim, eu confirmo<\/label><\/li><\/ul><div id=\"wpforms-16547-field_36-description\" class=\"wpforms-field-description\">Submetendo este check in, voc\u00ea aceita os nossos termos, condi\u00e7\u00f5es e pol\u00edtica de privacidade<\/div><\/fieldset><\/div><\/div><!-- .wpforms-field-container --><div class=\"wpforms-submit-container\" ><input type=\"hidden\" name=\"wpforms[id]\" value=\"16547\"><input type=\"hidden\" name=\"page_title\" value=\"\"><input type=\"hidden\" name=\"page_url\" value=\"https:\/\/gabimiguel.pt\/rentals\/pt-pt\/wp-json\/wp\/v2\/pages\/1248\"><input type=\"hidden\" name=\"url_referer\" value=\"\"><button type=\"submit\" name=\"wpforms[submit]\" id=\"wpforms-submit-16547\" class=\"wpforms-submit\" data-alt-text=\"Enviando...\" data-submit-text=\"Enviar\" aria-live=\"assertive\" value=\"wpforms-submit\">Enviar<\/button><img loading=\"lazy\" decoding=\"async\" src=\"https:\/\/gabimiguel.pt\/rentals\/wp-content\/plugins\/wpforms-lite\/assets\/images\/submit-spin.svg\" class=\"wpforms-submit-spinner\" style=\"display: none;\" width=\"26\" height=\"26\" alt=\"Loading\"><\/div><\/form><\/div>  <!-- .wpforms-container --><\/p>\t\t\t\t\t\t\t\t<\/div>\n\t\t\t\t<\/div>\n\t\t\t\t\t<\/div>\n\t\t<\/div>\n\t\t\t\t\t<\/div>\n\t\t<\/section>\n\t\t\t\t<\/div>\n\t\t","protected":false},"excerpt":{"rendered":"<p>Informa\u00e7\u00e3o Pessoal<\/p>\n","protected":false},"author":1,"featured_media":0,"parent":0,"menu_order":0,"comment_status":"closed","ping_status":"closed","template":"template-wide-screen-page.php","meta":{"om_disable_all_campaigns":false,"_monsterinsights_skip_tracking":false,"_monsterinsights_sitenote_active":false,"_monsterinsights_sitenote_note":"","_monsterinsights_sitenote_category":0,"_uf_show_specific_survey":0,"_uf_disable_surveys":false,"footnotes":""},"class_list":["post-1248","page","type-page","status-publish","hentry"],"aioseo_notices":[],"_links":{"self":[{"href":"https:\/\/gabimiguel.pt\/rentals\/pt-pt\/wp-json\/wp\/v2\/pages\/1248","targetHints":{"allow":["GET"]}}],"collection":[{"href":"https:\/\/gabimiguel.pt\/rentals\/pt-pt\/wp-json\/wp\/v2\/pages"}],"about":[{"href":"https:\/\/gabimiguel.pt\/rentals\/pt-pt\/wp-json\/wp\/v2\/types\/page"}],"author":[{"embeddable":true,"href":"https:\/\/gabimiguel.pt\/rentals\/pt-pt\/wp-json\/wp\/v2\/users\/1"}],"replies":[{"embeddable":true,"href":"https:\/\/gabimiguel.pt\/rentals\/pt-pt\/wp-json\/wp\/v2\/comments?post=1248"}],"version-history":[{"count":0,"href":"https:\/\/gabimiguel.pt\/rentals\/pt-pt\/wp-json\/wp\/v2\/pages\/1248\/revisions"}],"wp:attachment":[{"href":"https:\/\/gabimiguel.pt\/rentals\/pt-pt\/wp-json\/wp\/v2\/media?parent=1248"}],"curies":[{"name":"wp","href":"https:\/\/api.w.org\/{rel}","templated":true}]}}