
{"id":2005,"date":"2018-07-10T14:07:22","date_gmt":"2018-07-10T14:07:22","guid":{"rendered":"https:\/\/gabimiguel.pt\/rentals\/?page_id=2005"},"modified":"2018-12-11T06:43:00","modified_gmt":"2018-12-11T06:43:00","slug":"sobre-nos","status":"publish","type":"page","link":"https:\/\/gabimiguel.pt\/rentals\/pt-pt\/sobre-nos\/","title":{"rendered":"Sobre N\u00f3s"},"content":{"rendered":"<h2 class=\"western\" lang=\"en-US\">Gest\u00e3o de Propriedade com Gabi Miguel LDA<\/h2>\n<p>\u2026&nbsp;<span lang=\"en-US\"><i>cuidando da sua propriedade quando voc\u00ea estiver ausente.<\/i><\/span><\/p>\n<p lang=\"en-US\">Com 30 anos de experi\u00eancia e presen\u00e7a em Vale de Parra, Albufeira, dedicamo-nos a oferecer as melhores solu\u00e7\u00f5es de f\u00e9rias dispon\u00edveis para os nossos clientes que procuram um local ao sol do Algarve.<\/p>\n<p lang=\"en-US\">O nosso n\u00facleo de gest\u00e3o \u00e9 composto por parceiros portugueses e alem\u00e3es, com mais de 50 anos de experi\u00eancia combinados.<\/p>\n<p lang=\"en-US\">A nossa equipa de atendimento \u00e9 internacional, cumprimentando voc\u00ea em v\u00e1rios idiomas, como portugu\u00eas, alem\u00e3o, ingl\u00eas, franc\u00eas e espanhol.<\/p>\n<p lang=\"en-US\">Oferecemos acomoda\u00e7\u00f5es auto-suficientes e n\u00e3o instala\u00e7\u00f5es ou servi\u00e7os de estilo hoteleiro. O estilo e o padr\u00e3o de nossas propriedades inevitavelmente ser\u00e3o diferentes entre os resorts e destinos, desde propriedades de propriedade individual, mobiliados ao gosto do propriet\u00e1rio, at\u00e9 casas de f\u00e9rias e resorts especialmente constru\u00eddos.<\/p>\n<p lang=\"en-US\">A nossa actividade principal \u00e9 a gest\u00e3o de propriedades, com especial dedica\u00e7\u00e3o ao aluguer de vivendas, propriedade e manuten\u00e7\u00e3o paisag\u00edstica.<\/p>\n<p lang=\"en-US\">O nosso servi\u00e7o de Gest\u00e3o de Propriedade est\u00e1 dispon\u00edvel em toda a parte ocidental de Albufeira (abrangendo \u00e1reas como Vale de Parra, Gal\u00e9, P\u00eara, Alcantarilha, Guia, S\u00e3o Rafael e Albufeira) e inclui as seguintes atividades:<\/p>\n<ul>\n<li><span lang=\"en-US\">monitorar e pagar contas relacionadas \u00e0 propriedade (eletricidade, \u00e1gua, telefone, tarifas, etc) para garantir que todas as contas sejam pagas a tempo e que n\u00e3o haja interrup\u00e7\u00e3o nos servi\u00e7os<\/span><\/li>\n<li><span lang=\"en-US\">providenciar o pagamento do servi\u00e7o de limpeza e custos de lavanderia em nome do propriet\u00e1rio do im\u00f3vel<\/span><\/li>\n<li><span lang=\"en-US\">visitar a propriedade em per\u00edodos em que esteja desocupada para arej\u00e1-la e mant\u00ea-la limpa<br \/>\n<\/span><\/li>\n<li><span lang=\"en-US\">liga\u00e7\u00e3o com a empresa do condom\u00ednio (se aplic\u00e1vel) em nome do propriet\u00e1rio do im\u00f3vel<br \/>\n<\/span><\/li>\n<li><span lang=\"en-US\">(para propriedades de nova constru\u00e7\u00e3o) em contato com o construtor com rela\u00e7\u00e3o a manuten\u00e7\u00e3o e reparo<\/span><\/li>\n<li><span lang=\"en-US\">organiza\u00e7\u00e3o e supervis\u00e3o de trabalhos de manuten\u00e7\u00e3o e repara\u00e7\u00e3o de rotina<br \/>\n<\/span><\/li>\n<li><span lang=\"en-US\">aconselhar sobre quaisquer trabalhos de repara\u00e7\u00e3o<br \/>\n<\/span><\/li>\n<li><span lang=\"en-US\">organizar a manuten\u00e7\u00e3o do jardim (se aplic\u00e1vel)<br \/>\n<\/span><\/li>\n<li><span lang=\"en-US\">organizar a limpeza regular da piscina (se aplic\u00e1vel)<br \/>\n<\/span><\/li>\n<li><span lang=\"en-US\">preparar a casa para as chegadas<br \/>\n<\/span><\/li>\n<li><span lang=\"en-US\">inspe\u00e7\u00f5es de propriedade<br \/>\n<\/span><\/li>\n<li><span lang=\"en-US\">promo\u00e7\u00e3o e publicidade de propriedades<br \/>\n<\/span><\/li>\n<li><span lang=\"en-US\">aluguer de f\u00e9rias<\/span><\/li>\n<\/ul>\n","protected":false},"excerpt":{"rendered":"<p>Gest\u00e3o de Propriedade com Gabi Miguel LDA \u2026&nbsp;cuidando da sua propriedade quando voc\u00ea estiver ausente. Com 30 anos de experi\u00eancia e presen\u00e7a em Vale de Parra, Albufeira, dedicamo-nos a oferecer as melhores solu\u00e7\u00f5es de f\u00e9rias dispon\u00edveis para os nossos clientes que procuram um local ao sol do Algarve. O nosso n\u00facleo de gest\u00e3o \u00e9 composto &hellip; <a href=\"https:\/\/gabimiguel.pt\/rentals\/pt-pt\/sobre-nos\/\" class=\"more-link\">Continuar a ler<span class=\"screen-reader-text\"> &#8220;Sobre N\u00f3s&#8221;<\/span><\/a><\/p>\n","protected":false},"author":1,"featured_media":0,"parent":0,"menu_order":0,"comment_status":"closed","ping_status":"closed","template":"template-full-width-page.php","meta":{"om_disable_all_campaigns":false,"_monsterinsights_skip_tracking":false,"_monsterinsights_sitenote_active":false,"_monsterinsights_sitenote_note":"","_monsterinsights_sitenote_category":0,"_uf_show_specific_survey":0,"_uf_disable_surveys":false,"footnotes":""},"class_list":["post-2005","page","type-page","status-publish","hentry"],"aioseo_notices":[],"_links":{"self":[{"href":"https:\/\/gabimiguel.pt\/rentals\/pt-pt\/wp-json\/wp\/v2\/pages\/2005","targetHints":{"allow":["GET"]}}],"collection":[{"href":"https:\/\/gabimiguel.pt\/rentals\/pt-pt\/wp-json\/wp\/v2\/pages"}],"about":[{"href":"https:\/\/gabimiguel.pt\/rentals\/pt-pt\/wp-json\/wp\/v2\/types\/page"}],"author":[{"embeddable":true,"href":"https:\/\/gabimiguel.pt\/rentals\/pt-pt\/wp-json\/wp\/v2\/users\/1"}],"replies":[{"embeddable":true,"href":"https:\/\/gabimiguel.pt\/rentals\/pt-pt\/wp-json\/wp\/v2\/comments?post=2005"}],"version-history":[{"count":0,"href":"https:\/\/gabimiguel.pt\/rentals\/pt-pt\/wp-json\/wp\/v2\/pages\/2005\/revisions"}],"wp:attachment":[{"href":"https:\/\/gabimiguel.pt\/rentals\/pt-pt\/wp-json\/wp\/v2\/media?parent=2005"}],"curies":[{"name":"wp","href":"https:\/\/api.w.org\/{rel}","templated":true}]}}