
{"id":2037,"date":"2018-07-09T10:06:05","date_gmt":"2018-07-09T10:06:05","guid":{"rendered":"https:\/\/gabimiguel.pt\/rentals\/?page_id=2037"},"modified":"2023-10-31T10:00:13","modified_gmt":"2023-10-31T10:00:13","slug":"politica-privacidade","status":"publish","type":"page","link":"https:\/\/gabimiguel.pt\/rentals\/pt-pt\/about-us\/politica-privacidade\/","title":{"rendered":"Pol\u00edtica de Privacidade"},"content":{"rendered":"<p>Agradecemos a sua confian\u00e7a e garantimos a sua informa\u00e7\u00e3o pessoal como visitante ou cliente do site gabimiguel.pt, em todos os momentos. Ao utilizar o site gabimiguel.pt, aceita as pr\u00e1ticas descritas nesta Pol\u00edtica de Privacidade.<\/p>\n<h2 class=\"western\" lang=\"en-US\">Informa\u00e7\u00f5es pessoais coletadas<\/h2>\n<p lang=\"en-US\">Gabimiguel.pt recolhe informa\u00e7\u00f5es quando faz um pedido de reserva ou envia um inqu\u00e9rito diretamente para n\u00f3s atrav\u00e9s do nosso site, ou atrav\u00e9s de sites de terceiros onde a gabimiguel.pt anuncia.<\/p>\n<p lang=\"en-US\">Ao utilizar gabimiguel.pt, autoriza-nos a recolher, armazenar, reter e utilizar toda e qualquer informa\u00e7\u00e3o que nos forne\u00e7a, de acordo com esta Pol\u00edtica de Privacidade.<\/p>\n<h2 class=\"western\" lang=\"en-US\">Uso de informa\u00e7\u00f5es pessoais<\/h2>\n<p lang=\"en-US\">Qualquer informa\u00e7\u00e3o que coletarmos de voc\u00ea pode ser usada de uma das seguintes formas:<\/p>\n<ol type=\"i\">\n<li><span lang=\"en-US\"><b>Para preencher o seu pedido de informa\u00e7\u00e3o ou reserva<\/b>&nbsp;e para satisfazer os seus requisitos de viagem em gabimiguel.pt.<\/span><\/li>\n<li><span lang=\"en-US\"><b>Para personalizar a sua experi\u00eancia em gabimiguel.pt \u2013&nbsp;<\/b>A sua informa\u00e7\u00e3o ajuda-nos a responder melhor \u00e0s suas necessidades individuais e a melhorar o nosso servi\u00e7o.<\/span><\/li>\n<li><span lang=\"en-US\"><b>Para processar suas transa\u00e7\u00f5es \u2013&nbsp;<\/b>Suas informa\u00e7\u00f5es, sejam p\u00fablicas ou privadas, n\u00e3o ser\u00e3o vendidas, trocadas, transferidas ou dadas a qualquer outra empresa por qualquer motivo, sem o seu consentimento, exceto para o prop\u00f3sito expresso de entregar o servi\u00e7o solicitado.<\/span><\/li>\n<li><span lang=\"en-US\"><b>Para enviar e-mails peri\u00f3dicos \u2013&nbsp;<\/b>O endere\u00e7o de e-mail que voc\u00ea fornecer ser\u00e1 usado apenas para mant\u00ea-lo atualizado sobre nossos produtos e servi\u00e7os, concursos, promo\u00e7\u00f5es, pr\u00eamios, eventos e para enviar not\u00edcias sobre produtos ou servi\u00e7os de nossos parceiros selecionados.<\/span><span lang=\"en-US\"><br \/>\n<\/span><span lang=\"en-US\"><b>Nota:&nbsp;<\/b>Se, a qualquer momento, pretender anular a subscri\u00e7\u00e3o de futuros emails de gabimiguel.pt, inclu\u00edmos instru\u00e7\u00f5es detalhadas para anular subscri\u00e7\u00f5es na parte inferior de cada email.<\/span><\/li>\n<\/ol>\n<h2 class=\"western\" lang=\"en-US\">Prote\u00e7\u00e3o da informa\u00e7\u00e3o<\/h2>\n<p lang=\"en-US\">Tomamos precau\u00e7\u00f5es razo\u00e1veis para proteger suas informa\u00e7\u00f5es pessoais contra perda, acesso n\u00e3o autorizado, divulga\u00e7\u00e3o e uso indevido. As informa\u00e7\u00f5es privadas fornecidas por voc\u00ea para concluir uma transa\u00e7\u00e3o de pagamento n\u00e3o ser\u00e3o armazenadas em nossos servidores. As transa\u00e7\u00f5es de pagamento s\u00e3o feitas atrav\u00e9s de gateways de pagamento de terceiros e, como tal, suas informa\u00e7\u00f5es pessoais e de cr\u00e9dito s\u00e3o protegidas por sua Pol\u00edtica de Privacidade.<\/p>\n<h2 class=\"western\" lang=\"en-US\">Cookies e outras tecnologias de rastreamento de dados<\/h2>\n<p lang=\"en-US\">Gabimiguel.pt pode usar Cookies e pixel tags nos nossos servi\u00e7os, emails e an\u00fancios. Cookies s\u00e3o pequenos arquivos que um site ou seu provedor de servi\u00e7os transfere para o disco r\u00edgido do seu computador atrav\u00e9s do navegador da Web (se voc\u00ea permitir) que permitem que o site ou os sistemas dos provedores de servi\u00e7os reconhe\u00e7am seu navegador, capturem e memorizem certas informa\u00e7\u00f5es. Os cookies funcionam como uma tag an\u00f4nima que identifica seu computador, mas n\u00e3o voc\u00ea pessoalmente.<\/p>\n<p lang=\"en-US\">Utilizamos cookies para compreender e guardar as suas prefer\u00eancias para futuras visitas, acompanhar an\u00fancios e compilar dados agregados sobre a intera\u00e7\u00e3o do tr\u00e1fego e do website da gabimiguel.pt para que possamos melhorar a experi\u00eancia dos nossos utilizadores e os nossos servi\u00e7os no futuro.<\/p>\n<p lang=\"en-US\">Podemos contratar prestadores de servi\u00e7os terceirizados para nos ajudar a entender melhor os usu\u00e1rios do nosso site. Esses provedores de servi\u00e7os n\u00e3o t\u00eam permiss\u00e3o para usar as informa\u00e7\u00f5es coletadas em nosso nome, exceto para nos ajudar a conduzir e melhorar nossos neg\u00f3cios.<\/p>\n<p lang=\"en-US\">Uma tag de pixel, tamb\u00e9m conhecida como um GIF claro ou web beacon, \u00e9 uma tag invis\u00edvel colocada em determinadas p\u00e1ginas do nosso site, mas n\u00e3o no seu computador. Quando voc\u00ea acessa essas p\u00e1ginas, as tags de pixel geram um aviso gen\u00e9rico dessa visita. Eles geralmente trabalham em conjunto com cookies, registrando quando um determinado computador visita uma p\u00e1gina espec\u00edfica. Se voc\u00ea desativar Cookies, a tag de pixel simplesmente detectar\u00e1 uma visita an\u00f4nima ao website.<\/p>\n<h2 class=\"western\" lang=\"en-US\">Compartilhando informa\u00e7\u00f5es pessoais com terceiros<\/h2>\n<p lang=\"en-US\">Gabimiguel.pt n\u00e3o ir\u00e1 vender, comercializar ou de outra forma transferir para terceiros a sua informa\u00e7\u00e3o pessoal identific\u00e1vel sem o seu consentimento pessoal. Isso n\u00e3o inclui terceiros confi\u00e1veis que nos auxiliam na opera\u00e7\u00e3o de nosso site, na condu\u00e7\u00e3o de nossos neg\u00f3cios ou no atendimento a voc\u00ea, desde que essas partes concordem em manter essas informa\u00e7\u00f5es confidenciais. Tamb\u00e9m podemos liberar suas informa\u00e7\u00f5es quando apropriado para cumprir a lei, aplicar as pol\u00edticas do nosso site ou proteger os nossos direitos, propriedade ou seguran\u00e7a. No entanto, informa\u00e7\u00f5es de visitantes n\u00e3o pessoalmente identific\u00e1veis podem ser fornecidas a terceiros para fins de marketing, publicidade ou outros usos.<\/p>\n<h2 class=\"western\" lang=\"en-US\">Links de terceiros<\/h2>\n<p lang=\"en-US\">Gabimiguel.pt pode ocasionalmente incluir ou oferecer produtos ou servi\u00e7os de terceiros no nosso site. Esses sites de terceiros t\u00eam pol\u00edticas de privacidade separadas e independentes. Portanto, n\u00e3o nos responsabilizamos pelo conte\u00fado e atividades desses sites vinculados. No entanto, procuramos proteger a integridade do nosso site e agradecemos qualquer feedback sobre esses sites de terceiros.<\/p>\n<h2 class=\"western\" lang=\"en-US\">Atualiza\u00e7\u00f5es desta Pol\u00edtica de Privacidade<\/h2>\n<p lang=\"en-US\">N\u00f3s nos reservamos o direito de atualizar nossa Pol\u00edtica de Privacidade de tempos em tempos. As atualiza\u00e7\u00f5es da Pol\u00edtica de Privacidade ser\u00e3o publicadas nesta p\u00e1gina, com uma indica\u00e7\u00e3o clara de sua data de revis\u00e3o.<\/p>\n","protected":false},"excerpt":{"rendered":"<p>Agradecemos a sua confian\u00e7a e garantimos a sua informa\u00e7\u00e3o pessoal como visitante ou cliente do site gabimiguel.pt, em todos os momentos. Ao utilizar o site gabimiguel.pt, aceita as pr\u00e1ticas descritas nesta Pol\u00edtica de Privacidade. Informa\u00e7\u00f5es pessoais coletadas Gabimiguel.pt recolhe informa\u00e7\u00f5es quando faz um pedido de reserva ou envia um inqu\u00e9rito diretamente para n\u00f3s atrav\u00e9s do &hellip; <a href=\"https:\/\/gabimiguel.pt\/rentals\/pt-pt\/about-us\/politica-privacidade\/\" class=\"more-link\">Continuar a ler<span class=\"screen-reader-text\"> &#8220;Pol\u00edtica de Privacidade&#8221;<\/span><\/a><\/p>\n","protected":false},"author":1,"featured_media":0,"parent":16612,"menu_order":0,"comment_status":"closed","ping_status":"closed","template":"template-full-width-page.php","meta":{"om_disable_all_campaigns":false,"_monsterinsights_skip_tracking":false,"_monsterinsights_sitenote_active":false,"_monsterinsights_sitenote_note":"","_monsterinsights_sitenote_category":0,"_uf_show_specific_survey":0,"_uf_disable_surveys":false,"footnotes":""},"class_list":["post-2037","page","type-page","status-publish","hentry"],"aioseo_notices":[],"_links":{"self":[{"href":"https:\/\/gabimiguel.pt\/rentals\/pt-pt\/wp-json\/wp\/v2\/pages\/2037","targetHints":{"allow":["GET"]}}],"collection":[{"href":"https:\/\/gabimiguel.pt\/rentals\/pt-pt\/wp-json\/wp\/v2\/pages"}],"about":[{"href":"https:\/\/gabimiguel.pt\/rentals\/pt-pt\/wp-json\/wp\/v2\/types\/page"}],"author":[{"embeddable":true,"href":"https:\/\/gabimiguel.pt\/rentals\/pt-pt\/wp-json\/wp\/v2\/users\/1"}],"replies":[{"embeddable":true,"href":"https:\/\/gabimiguel.pt\/rentals\/pt-pt\/wp-json\/wp\/v2\/comments?post=2037"}],"version-history":[{"count":2,"href":"https:\/\/gabimiguel.pt\/rentals\/pt-pt\/wp-json\/wp\/v2\/pages\/2037\/revisions"}],"predecessor-version":[{"id":51547,"href":"https:\/\/gabimiguel.pt\/rentals\/pt-pt\/wp-json\/wp\/v2\/pages\/2037\/revisions\/51547"}],"up":[{"embeddable":true,"href":"https:\/\/gabimiguel.pt\/rentals\/pt-pt\/wp-json\/wp\/v2\/pages\/16612"}],"wp:attachment":[{"href":"https:\/\/gabimiguel.pt\/rentals\/pt-pt\/wp-json\/wp\/v2\/media?parent=2037"}],"curies":[{"name":"wp","href":"https:\/\/api.w.org\/{rel}","templated":true}]}}