
{"id":2046,"date":"2018-07-10T14:15:50","date_gmt":"2018-07-10T14:15:50","guid":{"rendered":"https:\/\/gabimiguel.pt\/rentals\/?page_id=2046"},"modified":"2023-10-31T09:56:57","modified_gmt":"2023-10-31T09:56:57","slug":"saude-seguranca","status":"publish","type":"page","link":"https:\/\/gabimiguel.pt\/rentals\/pt-pt\/about-us\/saude-seguranca\/","title":{"rendered":"Sa\u00fade e Seguran\u00e7a"},"content":{"rendered":"<h2 class=\"western\" lang=\"en-US\"><span style=\"font-family: arial, sans-serif;\">Informa\u00e7\u00f5es importantes sobre a Vivenda<\/span><\/h2>\n<p lang=\"en-US\"><span style=\"font-family: arial, sans-serif;\"><span style=\"font-size: medium;\">Por favor, tome o tempo na chegada para se familiarizar com os recursos de seguran\u00e7a e layout do alojamento de f\u00e9rias. Em particular, se voc\u00ea estiver viajando com crian\u00e7as, por favor, reserve um tempo para indicar-lhes as \u00e1reas com as quais elas devem tomar cuidado especial, como a piscina ou as varandas. Se tiver alguma d\u00favida ou preocupa\u00e7\u00e3o a este respeito, o seu representante da Gabi Miguel Lda ter\u00e1 todo o prazer em ajud\u00e1-lo. Se voc\u00ea tiver alguma d\u00favida, ligue para ele no n\u00famero encontrado em seus documentos de viagem e no manual da villa.<\/span><\/span><\/p>\n<h2 class=\"western\" lang=\"en-US\"><span style=\"font-family: arial, sans-serif;\">Villa e Seguran\u00e7a<\/span><\/h2>\n<p lang=\"en-US\"><span style=\"font-family: arial, sans-serif;\"><span style=\"font-size: medium;\">N\u00f3s n\u00e3o reivindicamos que qualquer moradia \u00e9 totalmente amiga da crian\u00e7a ou segura, portanto, deve-se ter sempre cuidado com os pais e a fam\u00edlia, especialmente ao redor da \u00e1rea da piscina onde as crian\u00e7as devem ser supervisionadas em todos os momentos. Algumas moradias s\u00e3o mais adequadas do que outras para os menos m\u00f3veis ou para fam\u00edlias com crian\u00e7as pequenas, por isso, aconselhamos a perguntar sobre a adequa\u00e7\u00e3o da propriedade antes de voc\u00ea livro. Apesar dos nossos esfor\u00e7os e conselhos, em \u00faltima an\u00e1lise, \u00e9 da sua responsabilidade o cuidado ea seguran\u00e7a dos membros do seu grupo. <\/span><\/span><\/p>\n<p lang=\"en-US\"><span style=\"font-family: arial, sans-serif;\"><span style=\"font-size: medium;\">Muitas paredes do terra\u00e7o t\u00eam 90 cm a 1 metro de altura, enquanto outras podem ser menos. Tamb\u00e9m pode haver terra\u00e7os com paredes baixas, onde, na maioria dos casos, garantimos que eles sejam fechados ou bloqueados. No entanto, dependendo do layout e design da propriedade isso nem sempre pode ser poss\u00edvel. <\/span><\/span><\/p>\n<p lang=\"en-US\"><span style=\"font-family: arial, sans-serif;\"><span style=\"font-size: medium;\">Muitas moradias de um \u00fanico andar t\u00eam v\u00e1rios degraus dentro deles e os jardins podem ter algumas quedas ou declives. V\u00e1rias villas possuem escadas que podem ser \u00edngremes e, ocasionalmente, t\u00eam alturas baixas. <\/span><\/span><\/p>\n<p lang=\"en-US\"><span style=\"font-family: arial, sans-serif;\"><span style=\"font-size: medium;\">A superf\u00edcie do solo dentro e fora do seu alojamento pode estar molhada devido \u00e0 limpeza da empregada na chegada, partida e qualquer outro dia quando o servi\u00e7o de limpeza \u00e9 realizado. Esteja ciente da condi\u00e7\u00e3o do solo em todos os momentos e tome as medidas necess\u00e1rias para garantir sua seguran\u00e7a e especialmente das crian\u00e7as e idosos. Em outros momentos, as \u00e1reas do solo abertas para os elementos ou sujeitas a tuf\u00e3o na \u00e1gua da piscina podem estar molhadas e \u00e9 necess\u00e1rio ter cuidado em todos os momentos. <\/span><\/span><\/p>\n<p lang=\"en-US\"><span style=\"font-family: arial, sans-serif;\"><span style=\"font-size: medium;\">Em caso de inc\u00eandio, voc\u00ea deve desocupar imediatamente a acomoda\u00e7\u00e3o de f\u00e9rias, garantindo que todos os membros festa foram evacuados e s\u00e3o seguros. Ap\u00f3s prestar contas aos membros do seu grupo, contacte os servi\u00e7os de emerg\u00eancia e o seu representante da Gabi Miguel Lda. <\/span><\/span><\/p>\n<p lang=\"en-US\"><span style=\"font-family: arial, sans-serif;\"><span style=\"font-size: medium;\">Se tiver alguma quest\u00e3o sobre a seguran\u00e7a do seu alojamento, contacte imediatamente o seu Representante Gabi Miguel Lda. Quaisquer problemas genu\u00ednos trazidos \u00e0 nossa aten\u00e7\u00e3o ser\u00e3o tratados o mais rapidamente poss\u00edvel, se poss\u00edvel. <\/span><\/span><\/p>\n<p lang=\"en-US\"><span style=\"font-family: arial, sans-serif;\"><span style=\"font-size: medium;\">Se tiver um acidente em qualquer parte, dentro ou em redor da villa, deve comunicar imediatamente ao seu Representante Gabi Miguel Lda.<br \/>\n<\/span><\/span><\/p>\n<h2 class=\"western\" lang=\"en-US\"><span style=\"font-family: arial, sans-serif;\">Piscinas<\/span><\/h2>\n<p lang=\"en-US\"><span style=\"font-family: arial, sans-serif;\"><span style=\"font-size: medium;\">Os tamanhos de piscina em nossas descri\u00e7\u00f5es s\u00e3o aproximados e apenas para orienta\u00e7\u00e3o. Algumas piscinas t\u00eam formato irregular e foram medidas nos pontos mais longos e mais largos. As piscinas s\u00e3o mantidas e limpas regularmente. Uma rede de piscina \u00e9 fornecida, e \u00e9 um costume normal para os clientes removerem quaisquer detritos, como folhas e galhos. <\/span><\/span><\/p>\n<p lang=\"en-US\"><span style=\"font-family: arial, sans-serif;\"><span style=\"font-size: medium;\">Ocasionalmente, devido ao uso extensivo da piscina, a \u00e1gua nos ouvidos pode causar uma infec\u00e7\u00e3o no ouvido, especialmente em crian\u00e7as. Isso n\u00e3o significa necessariamente que a piscina n\u00e3o tenha o n\u00edvel correto de cloro, mas deve ser imediatamente verificada. Uma medida de precau\u00e7\u00e3o simples \u00e9 secar bem os ouvidos depois de sair da piscina para garantir a remo\u00e7\u00e3o de qualquer \u00e1gua aprisionada que possa ser infectada. <\/span><\/span><\/p>\n<p lang=\"en-US\"><span style=\"font-family: arial, sans-serif;\"><span style=\"font-size: medium;\">Se tiver alguma quest\u00e3o sobre a sua piscina, contacte imediatamente o seu Representante Gabi Miguel Lda. <\/span><\/span><\/p>\n<p lang=\"en-US\"><span style=\"font-family: arial, sans-serif;\"><span style=\"font-size: medium;\">Por favor, certifique-se de que o alojamento de f\u00e9rias que escolher reservar seja adequado \u00e0s suas necessidades em rela\u00e7\u00e3o a crian\u00e7as e n\u00e3o-nadadores.<\/span><\/span><\/p>\n<p lang=\"en-US\"><span style=\"font-family: arial, sans-serif;\"><span style=\"font-size: medium;\">A piscina \u00e9 uma parte essencial das f\u00e9rias para muitas pessoas, mas tenha em mente que mal utilizado, pode ser perigoso. No entanto, aplicando apenas algumas regras simples de bom senso, voc\u00ea pode ter certeza de aproveitar seu tempo com seguran\u00e7a na piscina:<\/span><\/span><\/p>\n<ul>\n<li><span style=\"font-family: arial, sans-serif;\"><span lang=\"en-US\">Por favor, observe nossa pol\u00edtica rigorosa de n\u00e3o mergulho em todas as piscinas.<br \/>\n<\/span><\/span><\/li>\n<li><span style=\"font-family: arial, sans-serif;\"><span lang=\"en-US\">N\u00e3o corra ao redor da piscina, isso se aplica especialmente a crian\u00e7as com os p\u00e9s molhados. Algumas \u00e1reas podem estar escorregadias quando molhadas. <\/span><\/span><\/li>\n<li><span style=\"font-family: arial, sans-serif;\"><span lang=\"en-US\">N\u00e3o saia da sua profundidade e conhe\u00e7a seus pr\u00f3prios limites. <\/span><\/span><\/li>\n<li><span style=\"font-family: arial, sans-serif;\"><span lang=\"en-US\">N\u00e3o nade se n\u00e3o puder ver o fundo da piscina. Se for este o caso, contacte o seu Representante Gabi Miguel Lda o mais rapidamente poss\u00edvel. O clima pesado ou trovoadas podem fazer com que as piscinas fiquem turvas. A nebulosidade tamb\u00e9m pode ser causada pelo excesso de \u00f3leo bronzeador, especialmente quando s\u00e3o usados tipos n\u00e3o imperme\u00e1veis. Por favor, lembre-se que o uso do chuveiro ao lado da piscina antes de nadar pode ajudar a manter a piscina limpa. <\/span><\/span><\/li>\n<li><span style=\"font-family: arial, sans-serif;\"><span lang=\"en-US\">Crian\u00e7as e pessoas de pele clara devem usar chap\u00e9u e camiseta enquanto estiverem na piscina, pois raios ultravioletas prejudiciais podem penetrar na \u00e1gua at\u00e9 uma profundidade de 1,5m e s\u00e3o refletidos na superf\u00edcie da \u00e1gua. <\/span><\/span><\/li>\n<li><span style=\"font-family: arial, sans-serif;\"><span lang=\"en-US\">Cuidado com superf\u00edcies perigosas, canais de drenagem, telhas escorregadias ou bordas elevadas. <\/span><\/span><\/li>\n<li><span style=\"font-family: arial, sans-serif;\"><span lang=\"en-US\">Sempre supervisione crian\u00e7as e n\u00e3o nadadores dentro e ao redor da \u00e1rea da piscina. <\/span><\/span><\/li>\n<li><span style=\"font-family: arial, sans-serif;\"><span lang=\"en-US\">Evite nadar se tiver bebido \u00e1lcool, especialmente tarde da noite. N\u00e3o nade dentro de 1 hora depois de comer &#8211; pode ser fatal.<br \/>\n<\/span><\/span><\/li>\n<\/ul>\n<h2 class=\"western\" lang=\"en-US\"><span style=\"font-family: arial, sans-serif;\">Acidente ou fecho da piscina<\/span><\/h2>\n<p lang=\"en-US\"><span style=\"font-family: arial, sans-serif;\"><span style=\"font-size: medium;\">Em caso de acidente na \u00e1rea circundante da piscina, deve comunicar imediatamente ao seu representante da Gabi Miguel Lda. Qualquer falha com a piscina ou seu equipamento ser\u00e1 inspecionada e a\u00e7\u00e3o imediata ser\u00e1 tomada para corrigir o problema. Se, na opini\u00e3o do Representante, a piscina tiver que ser fechada para sua seguran\u00e7a at\u00e9 que um reparo seja facilitado, voc\u00ea ser\u00e1 instru\u00eddo, por escrito, a deixar de usar a piscina.<br \/>\n<\/span><\/span><\/p>\n<h2 class=\"western\" lang=\"en-US\"><span style=\"font-family: arial, sans-serif;\">Cercas de seguran\u00e7a para piscinas<\/span><\/h2>\n<p lang=\"en-US\"><span style=\"font-family: arial, sans-serif;\"><span style=\"font-size: medium;\">Algumas das nossas acomoda\u00e7\u00f5es possuem uma cerca de piscina (onde indicado em sua descri\u00e7\u00e3o).<br \/>\nUma cerca de piscina n\u00e3o \u00e9 um substituto para a supervis\u00e3o dos pais e os pais devem supervisionar as crian\u00e7as ao redor da \u00e1rea da piscina em todos os momentos. Por favor, tenha em mente que pode ser poss\u00edvel para uma crian\u00e7a n\u00e3o supervisionada levantar as cercas dos suportes de solo, empurrar ou puxar uma cerca de piscina, ou puxar quaisquer aberturas. As cercas da piscina s\u00e3o projetadas, fabricadas e instaladas com a \u00fanica inten\u00e7\u00e3o de impedir que crian\u00e7as passem por uma \u00e1rea de piscina desprotegida. Por favor, certifique-se sempre de que o mecanismo de bloqueio no port\u00e3o da piscina est\u00e1 funcionando e nunca deixe o port\u00e3o aberto.<\/span><\/span><\/p>\n<h2 class=\"western\" lang=\"en-US\"><span style=\"font-family: arial, sans-serif;\">Piscinas infinitas<\/span><\/h2>\n<p lang=\"en-US\"><span style=\"font-family: arial, sans-serif;\"><span style=\"font-size: medium;\">Algumas das nossas moradias possuem piscinas infinitas, o que significa que um lado da piscina \u00e9 uma cachoeira sem barreira. Quando voc\u00ea est\u00e1 nadando, o azul da piscina encontra o azul do c\u00e9u ou do mar, que esteticamente \u00e9 muito agrad\u00e1vel. Essas piscinas s\u00e3o seguras, mas deve-se tomar cuidado com as crian\u00e7as. Se tiver alguma d\u00favida sobre a adequa\u00e7\u00e3o deste tipo de piscina, por favor, informe no momento da reserva os detalhes da piscina da villa escolhida.<br \/>\n<\/span><\/span><\/p>\n<h2 class=\"western\" lang=\"en-US\"><span style=\"font-family: arial, sans-serif;\">Efeito da cor da \u00e1gua<br \/>\n<\/span><\/h2>\n<p lang=\"en-US\"><span style=\"font-family: arial, sans-serif;\"><span style=\"font-size: medium;\">O cloro \u00e9 um agente natural de branqueamento. Quanto mais a piscina \u00e9 usada e quanto mais quente o clima, mais produtos qu\u00edmicos s\u00e3o necess\u00e1rios para manter a \u00e1gua da piscina segura para uso. Isso pode reagir com certos tecidos e corantes usados neles, fazendo-os clarear ou descolorir. Muitos artigos de banho levam avisos para este efeito, e a Gabi Miguel Lda n\u00e3o aceita qualquer responsabilidade por qualquer dano causado \u00e0 propriedade do cliente, ao mesmo tempo que cumpre as nossas obriga\u00e7\u00f5es contratuais para garantir que a sua piscina continua a ser segura.<br \/>\n<\/span><\/span><\/p>\n<p lang=\"en-US\"><span style=\"font-family: arial, sans-serif;\"><span style=\"font-size: medium;\">Aconselhamos que certas cores de cabelo loiro tamb\u00e9m podem desenvolver um tom verde. Essa rea\u00e7\u00e3o \u00e9 natural e n\u00e3o significa que o balan\u00e7o qu\u00edmico da \u00e1gua esteja incorreto. Por favor, certifique-se de enxaguar o cabelo completamente em \u00e1gua doce depois de usar a piscina. Os xampus que podem resolver este problema est\u00e3o dispon\u00edveis na maioria dos supermercados ou farm\u00e1cias no exterior.<br \/>\n<\/span><\/span><\/p>\n<h2 class=\"western\" lang=\"en-US\"><span style=\"font-family: arial, sans-serif;\">Janelas e Portas de Vidro<\/span><\/h2>\n<p lang=\"en-US\"><span style=\"font-family: arial, sans-serif;\"><span style=\"font-size: medium;\">Por favor, tenha muito cuidado com as janelas, especialmente portas de vidro do p\u00e1tio de corpo inteiro. O vidro pode n\u00e3o ser endurecido e, ocasionalmente, em um ambiente estranho, os acidentes ocorrem mais facilmente do que em casa.<br \/>\n<\/span><\/span><\/p>\n<h2 class=\"western\" lang=\"en-US\"><span style=\"font-family: arial, sans-serif;\">Praias Locais<\/span><\/h2>\n<p lang=\"en-US\"><span style=\"font-family: arial, sans-serif;\"><span style=\"font-size: medium;\">Por favor, esteja ciente das precau\u00e7\u00f5es de seguran\u00e7a locais quando visitar as praias. A qualquer momento, para sua pr\u00f3pria seguran\u00e7a, siga as sugest\u00f5es de salva-vidas locais, avisos de aviso ou c\u00f3digos de bandeiras. Se tiver alguma quest\u00e3o, consulte uma autoridade qualificada ou o seu representante da Gabi Miguel Lda.<br \/>\n<\/span><\/span><\/p>\n<h2 class=\"western\" lang=\"en-US\">Linho<\/h2>\n<p lang=\"en-US\"><span style=\"font-family: arial, sans-serif;\"><span style=\"font-size: medium;\">O linho \u00e9 fornecido. Se alguma pessoa do seu grupo tiver alergias a subst\u00e2ncias de lavagem, por favor, traga sua pr\u00f3pria roupa.<br \/>\n<\/span><\/span><\/p>\n<h2 class=\"western\" lang=\"en-US\"><span style=\"font-family: arial, sans-serif;\">Suprimento de g\u00e1s<br \/>\n<\/span><\/h2>\n<p lang=\"en-US\"><span style=\"font-family: arial, sans-serif;\"><span style=\"font-size: medium;\">Insistimos que todas as nossas moradias com instala\u00e7\u00f5es de g\u00e1s s\u00e3o regularmente inspecionadas por um engenheiro de seguran\u00e7a de g\u00e1s qualificado e um certificado de dignidade \u00e9 emitido.<br \/>\n<\/span><\/span><\/p>\n<h2 class=\"western\" lang=\"en-US\"><span style=\"font-family: arial, sans-serif;\">Protetor ocular<br \/>\n<\/span><\/h2>\n<p lang=\"en-US\"><span style=\"font-family: arial, sans-serif;\"><span style=\"font-size: medium;\">In holiday destinations it is important to protect your eyes against damage from the sun. We recommend that prior to traveling you contact an \u2018eye professional\u2019 for advice on how to minimize your risk.<\/span><\/span><\/p>\n<h2 class=\"western\" lang=\"en-US\"><span style=\"font-family: arial, sans-serif;\">Medical Conditions<\/span><\/h2>\n<p lang=\"en-US\"><span style=\"font-family: arial, sans-serif;\"><span style=\"font-size: medium;\">If you or any member of your party has a medical condition we suggest you contact your travel insurance company at the time of booking, to report any pre-existing condition. Thus you can ensure you are covered for all eventualities.<\/span><\/span><\/p>\n<h2 class=\"western\" lang=\"en-US\"><span style=\"font-family: arial, sans-serif;\">Security<\/span><\/h2>\n<p lang=\"en-US\"><span style=\"font-family: arial, sans-serif;\"><span style=\"font-size: medium;\">Crimes against people and property have become an unfortunate fact of life and you have to exercise the same care for your personal safety whilst on holiday, as you would do at home. All clients should be extra vigilant and ensure that great care is taken of your holiday accommodation. Be sure to close and lock all the accommodation windows, shutters and doors at night. You should lock your accommodation when you are relaxing around the swimming pool, or perhaps enjoying an afternoon snooze or siesta.<\/span><\/span><\/p>\n<p lang=\"en-US\"><span style=\"font-family: arial, sans-serif;\"><span style=\"font-size: medium;\">Please use the safe provided to store any valuables, including passports and air tickets. If you do not use the free safe provided, you may invalidate any insurance claim that you may have. Some villas have an alarm, so where available, please make sure use it when you leave the villa. Do not take large amounts of cash with you, instead, you can use most credit or debit cards to obtain cash from cash point machines.<\/span><\/span><\/p>\n<p lang=\"en-US\"><span style=\"font-family: arial, sans-serif;\"><span style=\"font-size: medium;\">In the event of theft, report this to your local police and inform your Gabi Miguel Lda Representative. Be sure you obtain a Police report covering the incident or loss, in order to make a claim on your travel insurance. Please be aware it can take a considerable time to make a Police report and, in some resorts, you will need the help of a professional translator for which a charge will apply. Please note we do not offer compensation resulting from activities of theft, nor accept any responsibility for such matters.<\/span><\/span><\/p>\n<h2 class=\"western\" lang=\"en-US\"><span style=\"font-family: arial, sans-serif;\">Children\u2019s Safety<\/span><\/h2>\n<p lang=\"en-US\"><span style=\"font-family: arial, sans-serif;\"><span style=\"font-size: medium;\">Gabi Miguel Lda does not claim that any accommodation is totally child-friendly or safe and care should always be taken, especially around the pool area, balconies, main roads, unfenced areas, etc. with supervision being given to children at all times. Some Accommodation is better suited than others for young children and the less mobile. The Customer should fully investigate the suitability of the accommodation before booking. Parents are responsible for the actions of their children at all times.<\/span><\/span><\/p>\n<h2 class=\"western\" lang=\"en-US\"><span style=\"font-family: arial, sans-serif;\">Road Safety<\/span><\/h2>\n<p lang=\"en-US\"><span style=\"font-family: arial, sans-serif;\"><span style=\"font-size: medium;\">The rules of the road may differ from country to country, so we ask you to take extra care and ensure you comply with the local regulations at all times.<\/span><\/span><\/p>\n<h2 class=\"western\" lang=\"en-US\"><span style=\"font-family: arial, sans-serif;\">Travel Advice<\/span><\/h2>\n<p lang=\"en-US\"><span style=\"font-family: arial, sans-serif;\"><span style=\"font-size: medium;\">Should you have any concerns about your holiday destination, we suggest you contact the Foreign and Commonwealth Office at www.fco.gov.uk\/knowbeforeyougo or the European Union\u2019s official website at http:\/\/europa.eu\/travel\/index_en.htm for people traveling in the 27 countries of the EU.<\/span><\/span><\/p>\n<h2 class=\"western\"><span style=\"font-family: arial, sans-serif;\">Updates to this Health &amp; Safety<\/span><\/h2>\n<p><span style=\"font-family: arial, sans-serif;\"><span style=\"font-size: medium;\"><span lang=\"en-US\">We reserve the right to update our Health &amp; Safety from time to time. The Health &amp; Safety updates will be posted on this page, with a clear indication of its revision date.<\/span><\/span><\/span><\/p>\n","protected":false},"excerpt":{"rendered":"<p>Informa\u00e7\u00f5es importantes sobre a Vivenda Por favor, tome o tempo na chegada para se familiarizar com os recursos de seguran\u00e7a e layout do alojamento de f\u00e9rias. Em particular, se voc\u00ea estiver viajando com crian\u00e7as, por favor, reserve um tempo para indicar-lhes as \u00e1reas com as quais elas devem tomar cuidado especial, como a piscina ou &hellip; <a href=\"https:\/\/gabimiguel.pt\/rentals\/pt-pt\/about-us\/saude-seguranca\/\" class=\"more-link\">Continuar a ler<span class=\"screen-reader-text\"> &#8220;Sa\u00fade e Seguran\u00e7a&#8221;<\/span><\/a><\/p>\n","protected":false},"author":1,"featured_media":0,"parent":16612,"menu_order":0,"comment_status":"closed","ping_status":"closed","template":"template-full-width-page.php","meta":{"om_disable_all_campaigns":false,"_monsterinsights_skip_tracking":false,"_monsterinsights_sitenote_active":false,"_monsterinsights_sitenote_note":"","_monsterinsights_sitenote_category":0,"_uf_show_specific_survey":0,"_uf_disable_surveys":false,"footnotes":""},"class_list":["post-2046","page","type-page","status-publish","hentry"],"aioseo_notices":[],"_links":{"self":[{"href":"https:\/\/gabimiguel.pt\/rentals\/pt-pt\/wp-json\/wp\/v2\/pages\/2046","targetHints":{"allow":["GET"]}}],"collection":[{"href":"https:\/\/gabimiguel.pt\/rentals\/pt-pt\/wp-json\/wp\/v2\/pages"}],"about":[{"href":"https:\/\/gabimiguel.pt\/rentals\/pt-pt\/wp-json\/wp\/v2\/types\/page"}],"author":[{"embeddable":true,"href":"https:\/\/gabimiguel.pt\/rentals\/pt-pt\/wp-json\/wp\/v2\/users\/1"}],"replies":[{"embeddable":true,"href":"https:\/\/gabimiguel.pt\/rentals\/pt-pt\/wp-json\/wp\/v2\/comments?post=2046"}],"version-history":[{"count":1,"href":"https:\/\/gabimiguel.pt\/rentals\/pt-pt\/wp-json\/wp\/v2\/pages\/2046\/revisions"}],"predecessor-version":[{"id":26869,"href":"https:\/\/gabimiguel.pt\/rentals\/pt-pt\/wp-json\/wp\/v2\/pages\/2046\/revisions\/26869"}],"up":[{"embeddable":true,"href":"https:\/\/gabimiguel.pt\/rentals\/pt-pt\/wp-json\/wp\/v2\/pages\/16612"}],"wp:attachment":[{"href":"https:\/\/gabimiguel.pt\/rentals\/pt-pt\/wp-json\/wp\/v2\/media?parent=2046"}],"curies":[{"name":"wp","href":"https:\/\/api.w.org\/{rel}","templated":true}]}}