
{"id":3569,"date":"2019-01-06T07:51:19","date_gmt":"2019-01-06T07:51:19","guid":{"rendered":"https:\/\/gabimiguel.pt\/rentals\/?page_id=3569"},"modified":"2019-01-06T08:18:26","modified_gmt":"2019-01-06T08:18:26","slug":"aluguer","status":"publish","type":"page","link":"https:\/\/gabimiguel.pt\/rentals\/pt-pt\/parceiros\/aluguer\/","title":{"rendered":"Aluguer"},"content":{"rendered":"\t\t<div data-elementor-type=\"wp-post\" data-elementor-id=\"3569\" class=\"elementor elementor-3569 elementor-bc-flex-widget\">\n\t\t\t\t\t\t<section class=\"elementor-section elementor-top-section elementor-element elementor-element-b695720 elementor-section-boxed elementor-section-height-default elementor-section-height-default\" data-id=\"b695720\" data-element_type=\"section\" data-e-type=\"section\">\n\t\t\t\t\t\t<div class=\"elementor-container elementor-column-gap-default\">\n\t\t\t\t\t<div class=\"elementor-column elementor-col-33 elementor-top-column elementor-element elementor-element-35f9702\" data-id=\"35f9702\" data-element_type=\"column\" data-e-type=\"column\">\n\t\t\t<div class=\"elementor-widget-wrap elementor-element-populated\">\n\t\t\t\t\t\t<div class=\"elementor-element elementor-element-b9370b1 elementor-widget elementor-widget-image\" data-id=\"b9370b1\" data-element_type=\"widget\" data-e-type=\"widget\" data-widget_type=\"image.default\">\n\t\t\t\t<div class=\"elementor-widget-container\">\n\t\t\t\t\t\t\t\t\t\t\t\t\t\t\t<img loading=\"lazy\" decoding=\"async\" width=\"705\" height=\"350\" src=\"https:\/\/gabimiguel.pt\/rentals\/wp-content\/uploads\/2019\/01\/algarve-riders.png\" class=\"attachment-full size-full wp-image-3546\" alt=\"\" srcset=\"https:\/\/gabimiguel.pt\/rentals\/wp-content\/uploads\/2019\/01\/algarve-riders.png 705w, https:\/\/gabimiguel.pt\/rentals\/wp-content\/uploads\/2019\/01\/algarve-riders-300x149.png 300w\" sizes=\"auto, (max-width: 705px) 100vw, 705px\" \/>\t\t\t\t\t\t\t\t\t\t\t\t\t\t\t<\/div>\n\t\t\t\t<\/div>\n\t\t\t\t\t<\/div>\n\t\t<\/div>\n\t\t\t\t<div class=\"elementor-column elementor-col-66 elementor-top-column elementor-element elementor-element-84e652d\" data-id=\"84e652d\" data-element_type=\"column\" data-e-type=\"column\">\n\t\t\t<div class=\"elementor-widget-wrap elementor-element-populated\">\n\t\t\t\t\t\t<div class=\"elementor-element elementor-element-3e78f52 elementor-widget elementor-widget-text-editor\" data-id=\"3e78f52\" data-element_type=\"widget\" data-e-type=\"widget\" data-widget_type=\"text-editor.default\">\n\t\t\t\t<div class=\"elementor-widget-container\">\n\t\t\t\t\t\t\t\t\t<div class=\"wpb_text_column wpb_content_element\"><div class=\"wpb_wrapper\"><p>Algarve Riders procura permanentemente satisfazer os desejos do cliente. Devido \u00e0 demanda popular, eles criaram passeios que permitir\u00e1 que voc\u00ea realmente conhe\u00e7a a parte sul de Portugal, sua hist\u00f3ria, sua bela paisagem, sua riqueza gastron\u00f4mica e seu povo.<\/p><\/div><\/div>\t\t\t\t\t\t\t\t<\/div>\n\t\t\t\t<\/div>\n\t\t\t\t\t<\/div>\n\t\t<\/div>\n\t\t\t\t\t<\/div>\n\t\t<\/section>\n\t\t\t\t<section class=\"elementor-section elementor-top-section elementor-element elementor-element-1b207a1 elementor-section-boxed elementor-section-height-default elementor-section-height-default\" data-id=\"1b207a1\" data-element_type=\"section\" data-e-type=\"section\">\n\t\t\t\t\t\t<div class=\"elementor-container elementor-column-gap-default\">\n\t\t\t\t\t<div class=\"elementor-column elementor-col-33 elementor-top-column elementor-element elementor-element-859cc37\" data-id=\"859cc37\" data-element_type=\"column\" data-e-type=\"column\">\n\t\t\t<div class=\"elementor-widget-wrap elementor-element-populated\">\n\t\t\t\t\t\t<div class=\"elementor-element elementor-element-83d6fe3 elementor-widget elementor-widget-image\" data-id=\"83d6fe3\" data-element_type=\"widget\" data-e-type=\"widget\" data-widget_type=\"image.default\">\n\t\t\t\t<div class=\"elementor-widget-container\">\n\t\t\t\t\t\t\t\t\t\t\t\t\t\t\t<img loading=\"lazy\" decoding=\"async\" width=\"705\" height=\"350\" src=\"https:\/\/gabimiguel.pt\/rentals\/wp-content\/uploads\/2019\/01\/auto-prudente.png\" class=\"attachment-full size-full wp-image-3548\" alt=\"\" srcset=\"https:\/\/gabimiguel.pt\/rentals\/wp-content\/uploads\/2019\/01\/auto-prudente.png 705w, https:\/\/gabimiguel.pt\/rentals\/wp-content\/uploads\/2019\/01\/auto-prudente-300x149.png 300w\" sizes=\"auto, (max-width: 705px) 100vw, 705px\" \/>\t\t\t\t\t\t\t\t\t\t\t\t\t\t\t<\/div>\n\t\t\t\t<\/div>\n\t\t\t\t\t<\/div>\n\t\t<\/div>\n\t\t\t\t<div class=\"elementor-column elementor-col-66 elementor-top-column elementor-element elementor-element-6e3dacd\" data-id=\"6e3dacd\" data-element_type=\"column\" data-e-type=\"column\">\n\t\t\t<div class=\"elementor-widget-wrap elementor-element-populated\">\n\t\t\t\t\t\t<div class=\"elementor-element elementor-element-fb0d4a2 elementor-widget elementor-widget-text-editor\" data-id=\"fb0d4a2\" data-element_type=\"widget\" data-e-type=\"widget\" data-widget_type=\"text-editor.default\">\n\t\t\t\t<div class=\"elementor-widget-container\">\n\t\t\t\t\t\t\t\t\t<p>Auto Prudente \u00e9 uma empresa local de aluguer de viaturas sediada em Albufeira e especializada no aluguer de viaturas particulares e comerciais e vans para fam\u00edlias, amigos e casais que passam f\u00e9rias no Algarve.<\/p>\t\t\t\t\t\t\t\t<\/div>\n\t\t\t\t<\/div>\n\t\t\t\t\t<\/div>\n\t\t<\/div>\n\t\t\t\t\t<\/div>\n\t\t<\/section>\n\t\t\t\t<\/div>\n\t\t","protected":false},"excerpt":{"rendered":"<p>Algarve Riders procura permanentemente satisfazer os desejos do cliente. Devido \u00e0 demanda popular, eles criaram passeios que permitir\u00e1 que voc\u00ea realmente conhe\u00e7a a parte sul de Portugal, sua hist\u00f3ria, sua bela paisagem, sua riqueza gastron\u00f4mica e seu povo. Auto Prudente \u00e9 uma empresa local de aluguer de viaturas sediada em Albufeira e especializada no aluguer &hellip; <a href=\"https:\/\/gabimiguel.pt\/rentals\/pt-pt\/parceiros\/aluguer\/\" class=\"more-link\">Continuar a ler<span class=\"screen-reader-text\"> &#8220;Aluguer&#8221;<\/span><\/a><\/p>\n","protected":false},"author":1,"featured_media":0,"parent":3555,"menu_order":0,"comment_status":"closed","ping_status":"closed","template":"template-wide-screen-page.php","meta":{"om_disable_all_campaigns":false,"_monsterinsights_skip_tracking":false,"_monsterinsights_sitenote_active":false,"_monsterinsights_sitenote_note":"","_monsterinsights_sitenote_category":0,"_uf_show_specific_survey":0,"_uf_disable_surveys":false,"footnotes":""},"class_list":["post-3569","page","type-page","status-publish","hentry"],"aioseo_notices":[],"_links":{"self":[{"href":"https:\/\/gabimiguel.pt\/rentals\/pt-pt\/wp-json\/wp\/v2\/pages\/3569","targetHints":{"allow":["GET"]}}],"collection":[{"href":"https:\/\/gabimiguel.pt\/rentals\/pt-pt\/wp-json\/wp\/v2\/pages"}],"about":[{"href":"https:\/\/gabimiguel.pt\/rentals\/pt-pt\/wp-json\/wp\/v2\/types\/page"}],"author":[{"embeddable":true,"href":"https:\/\/gabimiguel.pt\/rentals\/pt-pt\/wp-json\/wp\/v2\/users\/1"}],"replies":[{"embeddable":true,"href":"https:\/\/gabimiguel.pt\/rentals\/pt-pt\/wp-json\/wp\/v2\/comments?post=3569"}],"version-history":[{"count":0,"href":"https:\/\/gabimiguel.pt\/rentals\/pt-pt\/wp-json\/wp\/v2\/pages\/3569\/revisions"}],"up":[{"embeddable":true,"href":"https:\/\/gabimiguel.pt\/rentals\/pt-pt\/wp-json\/wp\/v2\/pages\/3555"}],"wp:attachment":[{"href":"https:\/\/gabimiguel.pt\/rentals\/pt-pt\/wp-json\/wp\/v2\/media?parent=3569"}],"curies":[{"name":"wp","href":"https:\/\/api.w.org\/{rel}","templated":true}]}}