
{"id":3574,"date":"2019-01-06T07:54:45","date_gmt":"2019-01-06T07:54:45","guid":{"rendered":"https:\/\/gabimiguel.pt\/rentals\/?page_id=3574"},"modified":"2019-01-06T08:22:18","modified_gmt":"2019-01-06T08:22:18","slug":"transfers","status":"publish","type":"page","link":"https:\/\/gabimiguel.pt\/rentals\/pt-pt\/parceiros\/transfers\/","title":{"rendered":"Transfers"},"content":{"rendered":"\t\t<div data-elementor-type=\"wp-post\" data-elementor-id=\"3574\" class=\"elementor elementor-3574 elementor-bc-flex-widget\">\n\t\t\t\t\t\t<section class=\"elementor-section elementor-top-section elementor-element elementor-element-976ad52 elementor-section-boxed elementor-section-height-default elementor-section-height-default\" data-id=\"976ad52\" data-element_type=\"section\" data-e-type=\"section\">\n\t\t\t\t\t\t<div class=\"elementor-container elementor-column-gap-default\">\n\t\t\t\t\t<div class=\"elementor-column elementor-col-33 elementor-top-column elementor-element elementor-element-32f3bce\" data-id=\"32f3bce\" data-element_type=\"column\" data-e-type=\"column\">\n\t\t\t<div class=\"elementor-widget-wrap elementor-element-populated\">\n\t\t\t\t\t\t<div class=\"elementor-element elementor-element-d85566f elementor-widget elementor-widget-image\" data-id=\"d85566f\" data-element_type=\"widget\" data-e-type=\"widget\" data-widget_type=\"image.default\">\n\t\t\t\t<div class=\"elementor-widget-container\">\n\t\t\t\t\t\t\t\t\t\t\t\t\t\t\t<img loading=\"lazy\" decoding=\"async\" width=\"705\" height=\"350\" src=\"https:\/\/gabimiguel.pt\/rentals\/wp-content\/uploads\/2019\/01\/gale.png\" class=\"attachment-full size-full wp-image-3541\" alt=\"\" srcset=\"https:\/\/gabimiguel.pt\/rentals\/wp-content\/uploads\/2019\/01\/gale.png 705w, https:\/\/gabimiguel.pt\/rentals\/wp-content\/uploads\/2019\/01\/gale-300x149.png 300w\" sizes=\"auto, (max-width: 705px) 100vw, 705px\" \/>\t\t\t\t\t\t\t\t\t\t\t\t\t\t\t<\/div>\n\t\t\t\t<\/div>\n\t\t\t\t\t<\/div>\n\t\t<\/div>\n\t\t\t\t<div class=\"elementor-column elementor-col-66 elementor-top-column elementor-element elementor-element-3439848\" data-id=\"3439848\" data-element_type=\"column\" data-e-type=\"column\">\n\t\t\t<div class=\"elementor-widget-wrap elementor-element-populated\">\n\t\t\t\t\t\t<div class=\"elementor-element elementor-element-0ca2b94 elementor-widget elementor-widget-text-editor\" data-id=\"0ca2b94\" data-element_type=\"widget\" data-e-type=\"widget\" data-widget_type=\"text-editor.default\">\n\t\t\t\t<div class=\"elementor-widget-container\">\n\t\t\t\t\t\t\t\t\t<p>Sediada em Albufeira, no Algarve, a Gal\u00e9 Holidays Private Cab &amp; Transfers \u00e9 uma empresa s\u00f3lida com mais de duas d\u00e9cadas de experi\u00eancia nas transfer\u00eancias para o Algarve.<\/p>\t\t\t\t\t\t\t\t<\/div>\n\t\t\t\t<\/div>\n\t\t\t\t\t<\/div>\n\t\t<\/div>\n\t\t\t\t\t<\/div>\n\t\t<\/section>\n\t\t\t\t<section class=\"elementor-section elementor-top-section elementor-element elementor-element-2e36b7d elementor-section-boxed elementor-section-height-default elementor-section-height-default\" data-id=\"2e36b7d\" data-element_type=\"section\" data-e-type=\"section\">\n\t\t\t\t\t\t<div class=\"elementor-container elementor-column-gap-default\">\n\t\t\t\t\t<div class=\"elementor-column elementor-col-33 elementor-top-column elementor-element elementor-element-af5ca89\" data-id=\"af5ca89\" data-element_type=\"column\" data-e-type=\"column\">\n\t\t\t<div class=\"elementor-widget-wrap elementor-element-populated\">\n\t\t\t\t\t\t<div class=\"elementor-element elementor-element-9275fc2 elementor-widget elementor-widget-image\" data-id=\"9275fc2\" data-element_type=\"widget\" data-e-type=\"widget\" data-widget_type=\"image.default\">\n\t\t\t\t<div class=\"elementor-widget-container\">\n\t\t\t\t\t\t\t\t\t\t\t\t\t\t\t<img loading=\"lazy\" decoding=\"async\" width=\"705\" height=\"350\" src=\"https:\/\/gabimiguel.pt\/rentals\/wp-content\/uploads\/2019\/01\/es.png\" class=\"attachment-full size-full wp-image-3543\" alt=\"\" srcset=\"https:\/\/gabimiguel.pt\/rentals\/wp-content\/uploads\/2019\/01\/es.png 705w, https:\/\/gabimiguel.pt\/rentals\/wp-content\/uploads\/2019\/01\/es-300x149.png 300w\" sizes=\"auto, (max-width: 705px) 100vw, 705px\" \/>\t\t\t\t\t\t\t\t\t\t\t\t\t\t\t<\/div>\n\t\t\t\t<\/div>\n\t\t\t\t\t<\/div>\n\t\t<\/div>\n\t\t\t\t<div class=\"elementor-column elementor-col-66 elementor-top-column elementor-element elementor-element-b3c6e51\" data-id=\"b3c6e51\" data-element_type=\"column\" data-e-type=\"column\">\n\t\t\t<div class=\"elementor-widget-wrap elementor-element-populated\">\n\t\t\t\t\t\t<div class=\"elementor-element elementor-element-36c66a2 elementor-widget elementor-widget-text-editor\" data-id=\"36c66a2\" data-element_type=\"widget\" data-e-type=\"widget\" data-widget_type=\"text-editor.default\">\n\t\t\t\t<div class=\"elementor-widget-container\">\n\t\t\t\t\t\t\t\t\t<p>Localizado em Salgados, Albufeira, o Excellent Season faz transfer\u00eancias de \/ para o aeroporto e servi\u00e7os de transporte privados.<\/p>\t\t\t\t\t\t\t\t<\/div>\n\t\t\t\t<\/div>\n\t\t\t\t\t<\/div>\n\t\t<\/div>\n\t\t\t\t\t<\/div>\n\t\t<\/section>\n\t\t\t\t<\/div>\n\t\t","protected":false},"excerpt":{"rendered":"<p>Sediada em Albufeira, no Algarve, a Gal\u00e9 Holidays Private Cab &amp; Transfers \u00e9 uma empresa s\u00f3lida com mais de duas d\u00e9cadas de experi\u00eancia nas transfer\u00eancias para o Algarve. Localizado em Salgados, Albufeira, o Excellent Season faz transfer\u00eancias de \/ para o aeroporto e servi\u00e7os de transporte privados.<\/p>\n","protected":false},"author":1,"featured_media":0,"parent":3555,"menu_order":0,"comment_status":"closed","ping_status":"closed","template":"template-wide-screen-page.php","meta":{"om_disable_all_campaigns":false,"_monsterinsights_skip_tracking":false,"_monsterinsights_sitenote_active":false,"_monsterinsights_sitenote_note":"","_monsterinsights_sitenote_category":0,"_uf_show_specific_survey":0,"_uf_disable_surveys":false,"footnotes":""},"class_list":["post-3574","page","type-page","status-publish","hentry"],"aioseo_notices":[],"_links":{"self":[{"href":"https:\/\/gabimiguel.pt\/rentals\/pt-pt\/wp-json\/wp\/v2\/pages\/3574","targetHints":{"allow":["GET"]}}],"collection":[{"href":"https:\/\/gabimiguel.pt\/rentals\/pt-pt\/wp-json\/wp\/v2\/pages"}],"about":[{"href":"https:\/\/gabimiguel.pt\/rentals\/pt-pt\/wp-json\/wp\/v2\/types\/page"}],"author":[{"embeddable":true,"href":"https:\/\/gabimiguel.pt\/rentals\/pt-pt\/wp-json\/wp\/v2\/users\/1"}],"replies":[{"embeddable":true,"href":"https:\/\/gabimiguel.pt\/rentals\/pt-pt\/wp-json\/wp\/v2\/comments?post=3574"}],"version-history":[{"count":0,"href":"https:\/\/gabimiguel.pt\/rentals\/pt-pt\/wp-json\/wp\/v2\/pages\/3574\/revisions"}],"up":[{"embeddable":true,"href":"https:\/\/gabimiguel.pt\/rentals\/pt-pt\/wp-json\/wp\/v2\/pages\/3555"}],"wp:attachment":[{"href":"https:\/\/gabimiguel.pt\/rentals\/pt-pt\/wp-json\/wp\/v2\/media?parent=3574"}],"curies":[{"name":"wp","href":"https:\/\/api.w.org\/{rel}","templated":true}]}}