
{"id":3578,"date":"2019-01-06T08:01:20","date_gmt":"2019-01-06T08:01:20","guid":{"rendered":"https:\/\/gabimiguel.pt\/rentals\/?page_id=3578"},"modified":"2021-07-16T10:02:07","modified_gmt":"2021-07-16T10:02:07","slug":"passeios","status":"publish","type":"page","link":"https:\/\/gabimiguel.pt\/rentals\/pt-pt\/parceiros\/passeios\/","title":{"rendered":"Passeios"},"content":{"rendered":"\t\t<div data-elementor-type=\"wp-post\" data-elementor-id=\"3578\" class=\"elementor elementor-3578\">\n\t\t\t\t\t\t<section class=\"elementor-section elementor-top-section elementor-element elementor-element-b52dc80 elementor-section-boxed elementor-section-height-default elementor-section-height-default\" data-id=\"b52dc80\" data-element_type=\"section\" data-e-type=\"section\">\n\t\t\t\t\t\t<div class=\"elementor-container elementor-column-gap-default\">\n\t\t\t\t\t<div class=\"elementor-column elementor-col-100 elementor-top-column elementor-element elementor-element-6967426\" data-id=\"6967426\" data-element_type=\"column\" data-e-type=\"column\">\n\t\t\t<div class=\"elementor-widget-wrap elementor-element-populated\">\n\t\t\t\t\t\t<div class=\"elementor-element elementor-element-8b479ea elementor-widget elementor-widget-heading\" data-id=\"8b479ea\" data-element_type=\"widget\" data-e-type=\"widget\" data-widget_type=\"heading.default\">\n\t\t\t\t<div class=\"elementor-widget-container\">\n\t\t\t\t\t<h2 class=\"elementor-heading-title elementor-size-default\">Para reservar , clique no logo.<\/h2>\t\t\t\t<\/div>\n\t\t\t\t<\/div>\n\t\t\t\t\t<\/div>\n\t\t<\/div>\n\t\t\t\t\t<\/div>\n\t\t<\/section>\n\t\t\t\t<section class=\"elementor-section elementor-top-section elementor-element elementor-element-575dcb6 elementor-section-boxed elementor-section-height-default elementor-section-height-default\" data-id=\"575dcb6\" data-element_type=\"section\" data-e-type=\"section\">\n\t\t\t\t\t\t<div class=\"elementor-container elementor-column-gap-default\">\n\t\t\t\t\t<div class=\"elementor-column elementor-col-33 elementor-top-column elementor-element elementor-element-d4dbeb4\" data-id=\"d4dbeb4\" data-element_type=\"column\" data-e-type=\"column\">\n\t\t\t<div class=\"elementor-widget-wrap elementor-element-populated\">\n\t\t\t\t\t\t<div class=\"elementor-element elementor-element-8bc1cbd elementor-widget elementor-widget-image\" data-id=\"8bc1cbd\" data-element_type=\"widget\" data-e-type=\"widget\" data-widget_type=\"image.default\">\n\t\t\t\t<div class=\"elementor-widget-container\">\n\t\t\t\t\t\t\t\t\t\t\t\t\t\t\t<img loading=\"lazy\" decoding=\"async\" width=\"705\" height=\"350\" src=\"https:\/\/gabimiguel.pt\/rentals\/wp-content\/uploads\/2019\/01\/krazy-world-1.png\" class=\"attachment-full size-full wp-image-3510\" alt=\"\" srcset=\"https:\/\/gabimiguel.pt\/rentals\/wp-content\/uploads\/2019\/01\/krazy-world-1.png 705w, https:\/\/gabimiguel.pt\/rentals\/wp-content\/uploads\/2019\/01\/krazy-world-1-300x149.png 300w\" sizes=\"auto, (max-width: 705px) 100vw, 705px\" \/>\t\t\t\t\t\t\t\t\t\t\t\t\t\t\t<\/div>\n\t\t\t\t<\/div>\n\t\t\t\t\t<\/div>\n\t\t<\/div>\n\t\t\t\t<div class=\"elementor-column elementor-col-66 elementor-top-column elementor-element elementor-element-353f87b\" data-id=\"353f87b\" data-element_type=\"column\" data-e-type=\"column\">\n\t\t\t<div class=\"elementor-widget-wrap elementor-element-populated\">\n\t\t\t\t\t\t<div class=\"elementor-element elementor-element-257dff4 elementor-widget elementor-widget-text-editor\" data-id=\"257dff4\" data-element_type=\"widget\" data-e-type=\"widget\" data-widget_type=\"text-editor.default\">\n\t\t\t\t<div class=\"elementor-widget-container\">\n\t\t\t\t\t\t\t\t\t<p>Krazy World \u00e9 um zool\u00f3gico interativo com atividades para toda a fam\u00edlia.<\/p>\t\t\t\t\t\t\t\t<\/div>\n\t\t\t\t<\/div>\n\t\t\t\t\t<\/div>\n\t\t<\/div>\n\t\t\t\t\t<\/div>\n\t\t<\/section>\n\t\t\t\t<section class=\"elementor-section elementor-top-section elementor-element elementor-element-39875ac elementor-section-boxed elementor-section-height-default elementor-section-height-default\" data-id=\"39875ac\" data-element_type=\"section\" data-e-type=\"section\">\n\t\t\t\t\t\t<div class=\"elementor-container elementor-column-gap-default\">\n\t\t\t\t\t<div class=\"elementor-column elementor-col-33 elementor-top-column elementor-element elementor-element-485f861\" data-id=\"485f861\" data-element_type=\"column\" data-e-type=\"column\">\n\t\t\t<div class=\"elementor-widget-wrap elementor-element-populated\">\n\t\t\t\t\t\t<div class=\"elementor-element elementor-element-1a14ead elementor-widget elementor-widget-image\" data-id=\"1a14ead\" data-element_type=\"widget\" data-e-type=\"widget\" data-widget_type=\"image.default\">\n\t\t\t\t<div class=\"elementor-widget-container\">\n\t\t\t\t\t\t\t\t\t\t\t\t\t\t\t<img loading=\"lazy\" decoding=\"async\" width=\"705\" height=\"350\" src=\"https:\/\/gabimiguel.pt\/rentals\/wp-content\/uploads\/2019\/01\/algar-1.png\" class=\"attachment-full size-full wp-image-3502\" alt=\"\" srcset=\"https:\/\/gabimiguel.pt\/rentals\/wp-content\/uploads\/2019\/01\/algar-1.png 705w, https:\/\/gabimiguel.pt\/rentals\/wp-content\/uploads\/2019\/01\/algar-1-300x149.png 300w\" sizes=\"auto, (max-width: 705px) 100vw, 705px\" \/>\t\t\t\t\t\t\t\t\t\t\t\t\t\t\t<\/div>\n\t\t\t\t<\/div>\n\t\t\t\t\t<\/div>\n\t\t<\/div>\n\t\t\t\t<div class=\"elementor-column elementor-col-66 elementor-top-column elementor-element elementor-element-15096c8\" data-id=\"15096c8\" data-element_type=\"column\" data-e-type=\"column\">\n\t\t\t<div class=\"elementor-widget-wrap elementor-element-populated\">\n\t\t\t\t\t\t<div class=\"elementor-element elementor-element-b6b1bf7 elementor-widget elementor-widget-text-editor\" data-id=\"b6b1bf7\" data-element_type=\"widget\" data-e-type=\"widget\" data-widget_type=\"text-editor.default\">\n\t\t\t\t<div class=\"elementor-widget-container\">\n\t\t\t\t\t\t\t\t\t<p>AlgarExperience possui uma frota de 7 barcos principais para atender a 10 diferentes experi\u00eancias de barco, como visitar grutas marinhas, observa\u00e7\u00e3o de golfinhos, churrascos na praia, festas de barcos e outras atividades n\u00e1uticas.<\/p>\t\t\t\t\t\t\t\t<\/div>\n\t\t\t\t<\/div>\n\t\t\t\t\t<\/div>\n\t\t<\/div>\n\t\t\t\t\t<\/div>\n\t\t<\/section>\n\t\t\t\t<section class=\"elementor-section elementor-top-section elementor-element elementor-element-1964aea elementor-section-boxed elementor-section-height-default elementor-section-height-default\" data-id=\"1964aea\" data-element_type=\"section\" data-e-type=\"section\">\n\t\t\t\t\t\t<div class=\"elementor-container elementor-column-gap-default\">\n\t\t\t\t\t<div class=\"elementor-column elementor-col-33 elementor-top-column elementor-element elementor-element-6068ad5\" data-id=\"6068ad5\" data-element_type=\"column\" data-e-type=\"column\">\n\t\t\t<div class=\"elementor-widget-wrap elementor-element-populated\">\n\t\t\t\t\t\t<div class=\"elementor-element elementor-element-4b5ade6 elementor-widget elementor-widget-image\" data-id=\"4b5ade6\" data-element_type=\"widget\" data-e-type=\"widget\" data-widget_type=\"image.default\">\n\t\t\t\t<div class=\"elementor-widget-container\">\n\t\t\t\t\t\t\t\t\t\t\t\t\t\t\t\t<a href=\"https:\/\/gabimiguel.pt\/rentals\/pt-pt\/seacretours\/\">\n\t\t\t\t\t\t\t<img loading=\"lazy\" decoding=\"async\" width=\"705\" height=\"350\" src=\"https:\/\/gabimiguel.pt\/rentals\/wp-content\/uploads\/2019\/01\/seacret-1.png\" class=\"attachment-full size-full wp-image-3512\" alt=\"\" srcset=\"https:\/\/gabimiguel.pt\/rentals\/wp-content\/uploads\/2019\/01\/seacret-1.png 705w, https:\/\/gabimiguel.pt\/rentals\/wp-content\/uploads\/2019\/01\/seacret-1-300x149.png 300w\" sizes=\"auto, (max-width: 705px) 100vw, 705px\" \/>\t\t\t\t\t\t\t\t<\/a>\n\t\t\t\t\t\t\t\t\t\t\t\t\t\t\t<\/div>\n\t\t\t\t<\/div>\n\t\t\t\t\t<\/div>\n\t\t<\/div>\n\t\t\t\t<div class=\"elementor-column elementor-col-66 elementor-top-column elementor-element elementor-element-f81657a\" data-id=\"f81657a\" data-element_type=\"column\" data-e-type=\"column\">\n\t\t\t<div class=\"elementor-widget-wrap elementor-element-populated\">\n\t\t\t\t\t\t<div class=\"elementor-element elementor-element-baf61c1 elementor-widget elementor-widget-text-editor\" data-id=\"baf61c1\" data-element_type=\"widget\" data-e-type=\"widget\" data-widget_type=\"text-editor.default\">\n\t\t\t\t<div class=\"elementor-widget-container\">\n\t\t\t\t\t\t\t\t\t<p>A Seacret Tours \u00e9 um grupo profissional com v\u00e1rios anos de experi\u00eancia em comunica\u00e7\u00e3o, educa\u00e7\u00e3o, sensibiliza\u00e7\u00e3o e divers\u00e3o para pessoas de todas as na\u00e7\u00f5es.<\/p>\t\t\t\t\t\t\t\t<\/div>\n\t\t\t\t<\/div>\n\t\t\t\t\t<\/div>\n\t\t<\/div>\n\t\t\t\t\t<\/div>\n\t\t<\/section>\n\t\t\t\t<section class=\"elementor-section elementor-top-section elementor-element elementor-element-c4b29dd elementor-section-boxed elementor-section-height-default elementor-section-height-default\" data-id=\"c4b29dd\" data-element_type=\"section\" data-e-type=\"section\">\n\t\t\t\t\t\t<div class=\"elementor-container elementor-column-gap-default\">\n\t\t\t\t\t<div class=\"elementor-column elementor-col-33 elementor-top-column elementor-element elementor-element-867d7c3\" data-id=\"867d7c3\" data-element_type=\"column\" data-e-type=\"column\">\n\t\t\t<div class=\"elementor-widget-wrap elementor-element-populated\">\n\t\t\t\t\t\t<div class=\"elementor-element elementor-element-7c0f647 elementor-widget elementor-widget-image\" data-id=\"7c0f647\" data-element_type=\"widget\" data-e-type=\"widget\" data-widget_type=\"image.default\">\n\t\t\t\t<div class=\"elementor-widget-container\">\n\t\t\t\t\t\t\t\t\t\t\t\t\t\t\t<img loading=\"lazy\" decoding=\"async\" width=\"705\" height=\"350\" src=\"https:\/\/gabimiguel.pt\/rentals\/wp-content\/uploads\/2019\/01\/seafaris-1.png\" class=\"attachment-full size-full wp-image-3514\" alt=\"\" srcset=\"https:\/\/gabimiguel.pt\/rentals\/wp-content\/uploads\/2019\/01\/seafaris-1.png 705w, https:\/\/gabimiguel.pt\/rentals\/wp-content\/uploads\/2019\/01\/seafaris-1-300x149.png 300w\" sizes=\"auto, (max-width: 705px) 100vw, 705px\" \/>\t\t\t\t\t\t\t\t\t\t\t\t\t\t\t<\/div>\n\t\t\t\t<\/div>\n\t\t\t\t\t<\/div>\n\t\t<\/div>\n\t\t\t\t<div class=\"elementor-column elementor-col-66 elementor-top-column elementor-element elementor-element-6be7872\" data-id=\"6be7872\" data-element_type=\"column\" data-e-type=\"column\">\n\t\t\t<div class=\"elementor-widget-wrap elementor-element-populated\">\n\t\t\t\t\t\t<div class=\"elementor-element elementor-element-76bdb2c elementor-widget elementor-widget-text-editor\" data-id=\"76bdb2c\" data-element_type=\"widget\" data-e-type=\"widget\" data-widget_type=\"text-editor.default\">\n\t\t\t\t<div class=\"elementor-widget-container\">\n\t\t\t\t\t\t\t\t\t<p>Operando na Marina de Vilamoura, Algarve Cruises Seafaris \u00e9 pioneira na pesca de Cruzeiro no Algarve. De facto, os seus promotores &#8211; Manuel Aires e Adelina Santos, que sempre estiveram ligados \u00e0 pesca submarina, e com grande paix\u00e3o.<\/p>\t\t\t\t\t\t\t\t<\/div>\n\t\t\t\t<\/div>\n\t\t\t\t\t<\/div>\n\t\t<\/div>\n\t\t\t\t\t<\/div>\n\t\t<\/section>\n\t\t\t\t<section class=\"elementor-section elementor-top-section elementor-element elementor-element-94bc66f elementor-section-boxed elementor-section-height-default elementor-section-height-default\" data-id=\"94bc66f\" data-element_type=\"section\" data-e-type=\"section\">\n\t\t\t\t\t\t<div class=\"elementor-container elementor-column-gap-default\">\n\t\t\t\t\t<div class=\"elementor-column elementor-col-33 elementor-top-column elementor-element elementor-element-3375f1c\" data-id=\"3375f1c\" data-element_type=\"column\" data-e-type=\"column\">\n\t\t\t<div class=\"elementor-widget-wrap elementor-element-populated\">\n\t\t\t\t\t\t<div class=\"elementor-element elementor-element-9ac63c7 elementor-widget elementor-widget-image\" data-id=\"9ac63c7\" data-element_type=\"widget\" data-e-type=\"widget\" data-widget_type=\"image.default\">\n\t\t\t\t<div class=\"elementor-widget-container\">\n\t\t\t\t\t\t\t\t\t\t\t\t\t\t\t<img loading=\"lazy\" decoding=\"async\" width=\"705\" height=\"350\" src=\"https:\/\/gabimiguel.pt\/rentals\/wp-content\/uploads\/2019\/01\/dream-wave.png\" class=\"attachment-full size-full wp-image-3508\" alt=\"\" srcset=\"https:\/\/gabimiguel.pt\/rentals\/wp-content\/uploads\/2019\/01\/dream-wave.png 705w, https:\/\/gabimiguel.pt\/rentals\/wp-content\/uploads\/2019\/01\/dream-wave-300x149.png 300w\" sizes=\"auto, (max-width: 705px) 100vw, 705px\" \/>\t\t\t\t\t\t\t\t\t\t\t\t\t\t\t<\/div>\n\t\t\t\t<\/div>\n\t\t\t\t\t<\/div>\n\t\t<\/div>\n\t\t\t\t<div class=\"elementor-column elementor-col-66 elementor-top-column elementor-element elementor-element-00de9b5\" data-id=\"00de9b5\" data-element_type=\"column\" data-e-type=\"column\">\n\t\t\t<div class=\"elementor-widget-wrap elementor-element-populated\">\n\t\t\t\t\t\t<div class=\"elementor-element elementor-element-f2080ad elementor-widget elementor-widget-text-editor\" data-id=\"f2080ad\" data-element_type=\"widget\" data-e-type=\"widget\" data-widget_type=\"text-editor.default\">\n\t\t\t\t<div class=\"elementor-widget-container\">\n\t\t\t\t\t\t\t\t\t<p>A Dream Wave considera que todos os seus barcos tamb\u00e9m s\u00e3o vossos, podem contar com o apoio de muitas pessoas ligadas ao turismo h\u00e1 mais de uma d\u00e9cada e que trabalham arduamente todos os dias para fortalecer esses la\u00e7os de confian\u00e7a m\u00fatua.<\/p>\t\t\t\t\t\t\t\t<\/div>\n\t\t\t\t<\/div>\n\t\t\t\t\t<\/div>\n\t\t<\/div>\n\t\t\t\t\t<\/div>\n\t\t<\/section>\n\t\t\t\t<section class=\"elementor-section elementor-top-section elementor-element elementor-element-61fa0cf elementor-section-boxed elementor-section-height-default elementor-section-height-default\" data-id=\"61fa0cf\" data-element_type=\"section\" data-e-type=\"section\">\n\t\t\t\t\t\t<div class=\"elementor-container elementor-column-gap-default\">\n\t\t\t\t\t<div class=\"elementor-column elementor-col-33 elementor-top-column elementor-element elementor-element-9e91bab\" data-id=\"9e91bab\" data-element_type=\"column\" data-e-type=\"column\">\n\t\t\t<div class=\"elementor-widget-wrap elementor-element-populated\">\n\t\t\t\t\t\t<div class=\"elementor-element elementor-element-7493bb1 elementor-widget elementor-widget-image\" data-id=\"7493bb1\" data-element_type=\"widget\" data-e-type=\"widget\" data-widget_type=\"image.default\">\n\t\t\t\t<div class=\"elementor-widget-container\">\n\t\t\t\t\t\t\t\t\t\t\t\t\t\t\t<img loading=\"lazy\" decoding=\"async\" width=\"705\" height=\"350\" src=\"https:\/\/gabimiguel.pt\/rentals\/wp-content\/uploads\/2019\/01\/zebra-1.png\" class=\"attachment-full size-full wp-image-3518\" alt=\"\" srcset=\"https:\/\/gabimiguel.pt\/rentals\/wp-content\/uploads\/2019\/01\/zebra-1.png 705w, https:\/\/gabimiguel.pt\/rentals\/wp-content\/uploads\/2019\/01\/zebra-1-300x149.png 300w\" sizes=\"auto, (max-width: 705px) 100vw, 705px\" \/>\t\t\t\t\t\t\t\t\t\t\t\t\t\t\t<\/div>\n\t\t\t\t<\/div>\n\t\t\t\t\t<\/div>\n\t\t<\/div>\n\t\t\t\t<div class=\"elementor-column elementor-col-66 elementor-top-column elementor-element elementor-element-2346d19\" data-id=\"2346d19\" data-element_type=\"column\" data-e-type=\"column\">\n\t\t\t<div class=\"elementor-widget-wrap elementor-element-populated\">\n\t\t\t\t\t\t<div class=\"elementor-element elementor-element-e9ca957 elementor-widget elementor-widget-text-editor\" data-id=\"e9ca957\" data-element_type=\"widget\" data-e-type=\"widget\" data-widget_type=\"text-editor.default\">\n\t\t\t\t<div class=\"elementor-widget-container\">\n\t\t\t\t\t\t\t\t\t<p>A Zebra Safari \u00e9 uma ag\u00eancia de viagens com sede no Algarve desde 1994. O seu objetivo \u00e9 mostrar-lhe as melhores j\u00f3ias escondidas do Algarve.<\/p>\t\t\t\t\t\t\t\t<\/div>\n\t\t\t\t<\/div>\n\t\t\t\t\t<\/div>\n\t\t<\/div>\n\t\t\t\t\t<\/div>\n\t\t<\/section>\n\t\t\t\t<section class=\"elementor-section elementor-top-section elementor-element elementor-element-180d477 elementor-section-boxed elementor-section-height-default elementor-section-height-default\" data-id=\"180d477\" data-element_type=\"section\" data-e-type=\"section\">\n\t\t\t\t\t\t<div class=\"elementor-container elementor-column-gap-default\">\n\t\t\t\t\t<div class=\"elementor-column elementor-col-33 elementor-top-column elementor-element elementor-element-a1c8f57\" data-id=\"a1c8f57\" data-element_type=\"column\" data-e-type=\"column\">\n\t\t\t<div class=\"elementor-widget-wrap elementor-element-populated\">\n\t\t\t\t\t\t<div class=\"elementor-element elementor-element-29bcbd2 elementor-widget elementor-widget-image\" data-id=\"29bcbd2\" data-element_type=\"widget\" data-e-type=\"widget\" data-widget_type=\"image.default\">\n\t\t\t\t<div class=\"elementor-widget-container\">\n\t\t\t\t\t\t\t\t\t\t\t\t\t\t\t<img loading=\"lazy\" decoding=\"async\" width=\"705\" height=\"350\" src=\"https:\/\/gabimiguel.pt\/rentals\/wp-content\/uploads\/2019\/01\/xride.png\" class=\"attachment-full size-full wp-image-3516\" alt=\"\" srcset=\"https:\/\/gabimiguel.pt\/rentals\/wp-content\/uploads\/2019\/01\/xride.png 705w, https:\/\/gabimiguel.pt\/rentals\/wp-content\/uploads\/2019\/01\/xride-300x149.png 300w\" sizes=\"auto, (max-width: 705px) 100vw, 705px\" \/>\t\t\t\t\t\t\t\t\t\t\t\t\t\t\t<\/div>\n\t\t\t\t<\/div>\n\t\t\t\t\t<\/div>\n\t\t<\/div>\n\t\t\t\t<div class=\"elementor-column elementor-col-66 elementor-top-column elementor-element elementor-element-ef0012c\" data-id=\"ef0012c\" data-element_type=\"column\" data-e-type=\"column\">\n\t\t\t<div class=\"elementor-widget-wrap elementor-element-populated\">\n\t\t\t\t\t\t<div class=\"elementor-element elementor-element-7977217 elementor-widget elementor-widget-text-editor\" data-id=\"7977217\" data-element_type=\"widget\" data-e-type=\"widget\" data-widget_type=\"text-editor.default\">\n\t\t\t\t<div class=\"elementor-widget-container\">\n\t\t\t\t\t\t\t\t\t<p>A X Ride Algarve \u00e9 uma empresa com mais de 10 anos no mercado do turismo mar\u00edtimo, tem como objetivo di\u00e1rio lev\u00e1-lo a uma viagem onde a seguran\u00e7a e conserva\u00e7\u00e3o da natureza s\u00e3o a prioridade e o empenho e dedica\u00e7\u00e3o para tornar esta experi\u00eancia t\u00e3o agrad\u00e1vel quanto poss\u00edvel est\u00e3o garantidos.<\/p>\t\t\t\t\t\t\t\t<\/div>\n\t\t\t\t<\/div>\n\t\t\t\t\t<\/div>\n\t\t<\/div>\n\t\t\t\t\t<\/div>\n\t\t<\/section>\n\t\t\t\t<section class=\"elementor-section elementor-top-section elementor-element elementor-element-af1735a elementor-section-boxed elementor-section-height-default elementor-section-height-default\" data-id=\"af1735a\" data-element_type=\"section\" data-e-type=\"section\">\n\t\t\t\t\t\t<div class=\"elementor-container elementor-column-gap-default\">\n\t\t\t\t\t<div class=\"elementor-column elementor-col-33 elementor-top-column elementor-element elementor-element-3b01a54\" data-id=\"3b01a54\" data-element_type=\"column\" data-e-type=\"column\">\n\t\t\t<div class=\"elementor-widget-wrap elementor-element-populated\">\n\t\t\t\t\t\t<div class=\"elementor-element elementor-element-87560a2 elementor-widget elementor-widget-image\" data-id=\"87560a2\" data-element_type=\"widget\" data-e-type=\"widget\" data-widget_type=\"image.default\">\n\t\t\t\t<div class=\"elementor-widget-container\">\n\t\t\t\t\t\t\t\t\t\t\t\t\t\t\t<img loading=\"lazy\" decoding=\"async\" width=\"705\" height=\"350\" src=\"https:\/\/gabimiguel.pt\/rentals\/wp-content\/uploads\/2019\/01\/dolphins-driven.png\" class=\"attachment-full size-full wp-image-3506\" alt=\"\" srcset=\"https:\/\/gabimiguel.pt\/rentals\/wp-content\/uploads\/2019\/01\/dolphins-driven.png 705w, https:\/\/gabimiguel.pt\/rentals\/wp-content\/uploads\/2019\/01\/dolphins-driven-300x149.png 300w\" sizes=\"auto, (max-width: 705px) 100vw, 705px\" \/>\t\t\t\t\t\t\t\t\t\t\t\t\t\t\t<\/div>\n\t\t\t\t<\/div>\n\t\t\t\t\t<\/div>\n\t\t<\/div>\n\t\t\t\t<div class=\"elementor-column elementor-col-66 elementor-top-column elementor-element elementor-element-b1c5ee1\" data-id=\"b1c5ee1\" data-element_type=\"column\" data-e-type=\"column\">\n\t\t\t<div class=\"elementor-widget-wrap elementor-element-populated\">\n\t\t\t\t\t\t<div class=\"elementor-element elementor-element-a3bddb2 elementor-widget elementor-widget-text-editor\" data-id=\"a3bddb2\" data-element_type=\"widget\" data-e-type=\"widget\" data-widget_type=\"text-editor.default\">\n\t\t\t\t<div class=\"elementor-widget-container\">\n\t\t\t\t\t\t\t\t\t<p>A Dolphins Driven \u00e9 uma das poucas empresas do g\u00e9nero que opera na costa do Algarve, envolvida em estudos de biologia e projetos de preserva\u00e7\u00e3o de esp\u00e9cies marinhas.<\/p>\t\t\t\t\t\t\t\t<\/div>\n\t\t\t\t<\/div>\n\t\t\t\t\t<\/div>\n\t\t<\/div>\n\t\t\t\t\t<\/div>\n\t\t<\/section>\n\t\t\t\t<section class=\"elementor-section elementor-top-section elementor-element elementor-element-e4f14fe elementor-section-boxed elementor-section-height-default elementor-section-height-default\" data-id=\"e4f14fe\" data-element_type=\"section\" data-e-type=\"section\">\n\t\t\t\t\t\t<div class=\"elementor-container elementor-column-gap-default\">\n\t\t\t\t\t<div class=\"elementor-column elementor-col-33 elementor-top-column elementor-element elementor-element-c680029\" data-id=\"c680029\" data-element_type=\"column\" data-e-type=\"column\">\n\t\t\t<div class=\"elementor-widget-wrap elementor-element-populated\">\n\t\t\t\t\t\t<div class=\"elementor-element elementor-element-4aee1cd elementor-widget elementor-widget-image\" data-id=\"4aee1cd\" data-element_type=\"widget\" data-e-type=\"widget\" data-widget_type=\"image.default\">\n\t\t\t\t<div class=\"elementor-widget-container\">\n\t\t\t\t\t\t\t\t\t\t\t\t\t\t\t<img loading=\"lazy\" decoding=\"async\" width=\"705\" height=\"350\" src=\"https:\/\/gabimiguel.pt\/rentals\/wp-content\/uploads\/2019\/01\/algarve-cruises-1.png\" class=\"attachment-full size-full wp-image-3504\" alt=\"\" srcset=\"https:\/\/gabimiguel.pt\/rentals\/wp-content\/uploads\/2019\/01\/algarve-cruises-1.png 705w, https:\/\/gabimiguel.pt\/rentals\/wp-content\/uploads\/2019\/01\/algarve-cruises-1-300x149.png 300w\" sizes=\"auto, (max-width: 705px) 100vw, 705px\" \/>\t\t\t\t\t\t\t\t\t\t\t\t\t\t\t<\/div>\n\t\t\t\t<\/div>\n\t\t\t\t\t<\/div>\n\t\t<\/div>\n\t\t\t\t<div class=\"elementor-column elementor-col-66 elementor-top-column elementor-element elementor-element-3e27d16\" data-id=\"3e27d16\" data-element_type=\"column\" data-e-type=\"column\">\n\t\t\t<div class=\"elementor-widget-wrap elementor-element-populated\">\n\t\t\t\t\t\t<div class=\"elementor-element elementor-element-8619f3e elementor-widget elementor-widget-text-editor\" data-id=\"8619f3e\" data-element_type=\"widget\" data-e-type=\"widget\" data-widget_type=\"text-editor.default\">\n\t\t\t\t<div class=\"elementor-widget-container\">\n\t\t\t\t\t\t\t\t\t<p>A empresa M.C.A. foi criada em 1978 pelo seu s\u00f3cio-gerente, um ex-piloto de helic\u00f3ptero, e amante do mar, com vasta experi\u00eancia como capit\u00e3o profissional desde 1975, em Portugal, nas Ilhas Baleares, na Turquia, no Brasil e no Caribe.<\/p>\t\t\t\t\t\t\t\t<\/div>\n\t\t\t\t<\/div>\n\t\t\t\t\t<\/div>\n\t\t<\/div>\n\t\t\t\t\t<\/div>\n\t\t<\/section>\n\t\t\t\t<\/div>\n\t\t","protected":false},"excerpt":{"rendered":"<p>Para reservar , clique no logo. Krazy World \u00e9 um zool\u00f3gico interativo com atividades para toda a fam\u00edlia. AlgarExperience possui uma frota de 7 barcos principais para atender a 10 diferentes experi\u00eancias de barco, como visitar grutas marinhas, observa\u00e7\u00e3o de golfinhos, churrascos na praia, festas de barcos e outras atividades n\u00e1uticas. A Seacret Tours \u00e9 &hellip; <a href=\"https:\/\/gabimiguel.pt\/rentals\/pt-pt\/parceiros\/passeios\/\" class=\"more-link\">Continuar a ler<span class=\"screen-reader-text\"> &#8220;Passeios&#8221;<\/span><\/a><\/p>\n","protected":false},"author":1,"featured_media":0,"parent":3555,"menu_order":0,"comment_status":"closed","ping_status":"closed","template":"template-wide-screen-page.php","meta":{"om_disable_all_campaigns":false,"_monsterinsights_skip_tracking":false,"_monsterinsights_sitenote_active":false,"_monsterinsights_sitenote_note":"","_monsterinsights_sitenote_category":0,"_uf_show_specific_survey":0,"_uf_disable_surveys":false,"footnotes":""},"class_list":["post-3578","page","type-page","status-publish","hentry"],"aioseo_notices":[],"_links":{"self":[{"href":"https:\/\/gabimiguel.pt\/rentals\/pt-pt\/wp-json\/wp\/v2\/pages\/3578","targetHints":{"allow":["GET"]}}],"collection":[{"href":"https:\/\/gabimiguel.pt\/rentals\/pt-pt\/wp-json\/wp\/v2\/pages"}],"about":[{"href":"https:\/\/gabimiguel.pt\/rentals\/pt-pt\/wp-json\/wp\/v2\/types\/page"}],"author":[{"embeddable":true,"href":"https:\/\/gabimiguel.pt\/rentals\/pt-pt\/wp-json\/wp\/v2\/users\/1"}],"replies":[{"embeddable":true,"href":"https:\/\/gabimiguel.pt\/rentals\/pt-pt\/wp-json\/wp\/v2\/comments?post=3578"}],"version-history":[{"count":0,"href":"https:\/\/gabimiguel.pt\/rentals\/pt-pt\/wp-json\/wp\/v2\/pages\/3578\/revisions"}],"up":[{"embeddable":true,"href":"https:\/\/gabimiguel.pt\/rentals\/pt-pt\/wp-json\/wp\/v2\/pages\/3555"}],"wp:attachment":[{"href":"https:\/\/gabimiguel.pt\/rentals\/pt-pt\/wp-json\/wp\/v2\/media?parent=3578"}],"curies":[{"name":"wp","href":"https:\/\/api.w.org\/{rel}","templated":true}]}}